{"id":11667,"date":"2024-06-01T22:22:44","date_gmt":"2024-06-01T20:22:44","guid":{"rendered":"https:\/\/animicaportraits.com\/product\/pauline-rochas-iconica-iii\/"},"modified":"2025-06-28T18:47:44","modified_gmt":"2025-06-28T16:47:44","slug":"pauline-rochas-iconica-iii","status":"publish","type":"product","link":"https:\/\/animicaportraits.com\/it\/prodotto\/pauline-rochas-iconica-iii\/","title":{"rendered":"Pauline Rochas Iconica III"},"content":{"rendered":"<p>&#8220;Ho scattato questa serie di fotografie dell&#8217;iconica Pauline Rochas, profumiera e designer, a Venezia nel 2023, durante una vacanza a casa di un amico collezionista d&#8217;arte, Reza Akhavan&#8221;<\/p>\n<p>Pauline Rochas \u00e8 nata nel mondo dei profumi.<\/p>\n<p>Suo nonno, Marcel Rochas, ha creato l&#8217;iconico profumo Femme per<br \/>sua moglie e musa, la leggendaria H\u00e9l\u00e8ne Rochas. H\u00e9l\u00e8ne era una visionaria la cui influenza si faceva sentire nel mondo dell&#8217;arte, della cultura e della moda.<br \/>Ci\u00f2 ha lasciato un&#8217;impressione indelebile sulla giovane Pauline, che avrebbe accompagnato la nonna al balletto e all&#8217;opera, dove ha incontrato grandi artisti.<\/p>\n<p>La casa della nonna materna, Denise Boyriven, si trovava sulla Costa Azzurra, vicino alla casa di Pierre Cardin, Palais Bulles. \u00c8 qui che Pauline ha trascorso molte estati idilliache. Mimose, datura di mezzanotte, gelsomini, gardenie ed eucalipti prosperavano in questo lussureggiante giardino. La brezza salata del Mar Mediterraneo avrebbe aggiunto il tocco finale a questa pozione notturna. La natura ha assunto questo fascino magico. Si sarebbe intrecciata con la fragranza e la memoria per diventare parte della sua eredit\u00e0.<\/p>\n<p>La capacit\u00e0 del profumo di scatenare emozioni e ricordi \u00e8 diventata la base del lavoro di Pauline. Pauline offre una gamma di prodotti profumati, concentrandosi su spirito e corpo. Le collezioni Seven e Dual consentono l&#8217;auto-potenziamento e la guarigione mentre le candele profumate bruciano con l&#8217;immaginazione.<\/p>\n","protected":false},"excerpt":{"rendered":"<p>&#8220;Ho scattato questa serie di fotografie dell&#8217;iconica Pauline Rochas, profumiera e designer, a Venezia nel 2023, durante una vacanza a casa di un amico collezionista d&#8217;arte, Reza Akhavan&#8221;<\/p>\n","protected":false},"featured_media":8914,"comment_status":"open","ping_status":"closed","template":"","meta":{"_acf_changed":false},"attore":[],"product_brand":[],"product_cat":[275],"product_tag":[93,637],"giftcard-category":[],"class_list":{"0":"post-11667","1":"product","2":"type-product","3":"status-publish","4":"has-post-thumbnail","6":"product_cat-stampe","7":"product_tag-pauline-rochas-it","8":"product_tag-stampa-da-collezione","10":"first","11":"instock","12":"taxable","13":"shipping-taxable","14":"purchasable","15":"product-type-variable"},"acf":[],"_links":{"self":[{"href":"https:\/\/animicaportraits.com\/it\/wp-json\/wp\/v2\/product\/11667","targetHints":{"allow":["GET"]}}],"collection":[{"href":"https:\/\/animicaportraits.com\/it\/wp-json\/wp\/v2\/product"}],"about":[{"href":"https:\/\/animicaportraits.com\/it\/wp-json\/wp\/v2\/types\/product"}],"replies":[{"embeddable":true,"href":"https:\/\/animicaportraits.com\/it\/wp-json\/wp\/v2\/comments?post=11667"}],"version-history":[{"count":1,"href":"https:\/\/animicaportraits.com\/it\/wp-json\/wp\/v2\/product\/11667\/revisions"}],"predecessor-version":[{"id":11673,"href":"https:\/\/animicaportraits.com\/it\/wp-json\/wp\/v2\/product\/11667\/revisions\/11673"}],"wp:featuredmedia":[{"embeddable":true,"href":"https:\/\/animicaportraits.com\/it\/wp-json\/wp\/v2\/media\/8914"}],"wp:attachment":[{"href":"https:\/\/animicaportraits.com\/it\/wp-json\/wp\/v2\/media?parent=11667"}],"wp:term":[{"taxonomy":"attore","embeddable":true,"href":"https:\/\/animicaportraits.com\/it\/wp-json\/wp\/v2\/attore?post=11667"},{"taxonomy":"product_brand","embeddable":true,"href":"https:\/\/animicaportraits.com\/it\/wp-json\/wp\/v2\/product_brand?post=11667"},{"taxonomy":"product_cat","embeddable":true,"href":"https:\/\/animicaportraits.com\/it\/wp-json\/wp\/v2\/product_cat?post=11667"},{"taxonomy":"product_tag","embeddable":true,"href":"https:\/\/animicaportraits.com\/it\/wp-json\/wp\/v2\/product_tag?post=11667"},{"taxonomy":"giftcard-category","embeddable":true,"href":"https:\/\/animicaportraits.com\/it\/wp-json\/wp\/v2\/giftcard-category?post=11667"}],"curies":[{"name":"wp","href":"https:\/\/api.w.org\/{rel}","templated":true}]}}