{"id":11686,"date":"2024-06-01T12:09:04","date_gmt":"2024-06-01T10:09:04","guid":{"rendered":"https:\/\/animicaportraits.com\/product\/pauline-rochas-iconica-iv\/"},"modified":"2025-06-28T19:06:18","modified_gmt":"2025-06-28T17:06:18","slug":"pauline-rochas-iconica-iv","status":"publish","type":"product","link":"https:\/\/animicaportraits.com\/it\/prodotto\/pauline-rochas-iconica-iv\/","title":{"rendered":"Pauline Rochas Iconica IV"},"content":{"rendered":"<p><strong>Pauline Rochas<\/strong> \u00e8 nata nel mondo dei profumi.<\/p>\n<p>Suo nonno, Marcel Rochas, cre\u00f2 l&#8217;iconico profumo Femme per<br \/>\nsua moglie e musa ispiratrice, la leggendaria H\u00e9l\u00e8ne Rochas. H\u00e9l\u00e8ne era una visionaria la cui influenza si faceva sentire nel mondo dell&#8217;arte, della cultura e della moda.<br \/>\nCi\u00f2 lasci\u00f2 un&#8217;impronta indelebile sulla giovane Pauline, che avrebbe accompagnato la nonna al balletto e all&#8217;opera, dove incontr\u00f2 grandi artisti.<\/p>\n<p>La casa della nonna materna, Denise Boyriven, si trovava sulla Costa Azzurra, vicino alla casa di Pierre Cardin, Palais Bulles. \u00c8 qui che Pauline trascorse molte estati idilliache. Mimose, datura di mezzanotte, gelsomini, gardenie ed eucalipti prosperavano in questo lussureggiante giardino. La brezza salata del Mar Mediterraneo avrebbe aggiunto il tocco finale a questa pozione notturna. La natura assunse questo fascino magico. Si sarebbe intrecciata con la fragranza e la memoria per diventare parte della sua eredit\u00e0.<\/p>\n<p>La capacit\u00e0 del profumo di scatenare emozioni e ricordi \u00e8 diventata la base del lavoro di Pauline. Pauline offre una gamma di prodotti profumati, incentrati su spirito e corpo. Le collezioni Seven e Dual consentono l&#8217;auto-potenziamento e la guarigione, mentre le candele profumate bruciano con l&#8217;immaginazione.<\/p>\n<p><strong>Nella serie c&#8217;\u00e8 uno scatto con l&#8217;opera d&#8217;arte fotografica murale della famosa artista Valie Export, intitolata BODY SIGN ACTION, un&#8217;opera realizzata nel 1970 ed esposta al museo Albertina di Vienna.<\/strong><\/p>\n","protected":false},"excerpt":{"rendered":"<p>Ho scattato questa serie di fotografie dell&#8217;iconica Pauline Rochas, profumiera e designer, a Venezia nel 2023, durante una vacanza a casa di un amico collezionista d&#8217;arte, Reza Akhavan<\/p>\n","protected":false},"featured_media":8724,"comment_status":"open","ping_status":"closed","template":"","meta":{"_acf_changed":false},"attore":[],"product_brand":[],"product_cat":[275],"product_tag":[93,637],"giftcard-category":[],"class_list":{"0":"post-11686","1":"product","2":"type-product","3":"status-publish","4":"has-post-thumbnail","6":"product_cat-stampe","7":"product_tag-pauline-rochas-it","8":"product_tag-stampa-da-collezione","10":"first","11":"instock","12":"taxable","13":"shipping-taxable","14":"purchasable","15":"product-type-variable"},"acf":[],"_links":{"self":[{"href":"https:\/\/animicaportraits.com\/it\/wp-json\/wp\/v2\/product\/11686","targetHints":{"allow":["GET"]}}],"collection":[{"href":"https:\/\/animicaportraits.com\/it\/wp-json\/wp\/v2\/product"}],"about":[{"href":"https:\/\/animicaportraits.com\/it\/wp-json\/wp\/v2\/types\/product"}],"replies":[{"embeddable":true,"href":"https:\/\/animicaportraits.com\/it\/wp-json\/wp\/v2\/comments?post=11686"}],"version-history":[{"count":1,"href":"https:\/\/animicaportraits.com\/it\/wp-json\/wp\/v2\/product\/11686\/revisions"}],"predecessor-version":[{"id":25610,"href":"https:\/\/animicaportraits.com\/it\/wp-json\/wp\/v2\/product\/11686\/revisions\/25610"}],"wp:featuredmedia":[{"embeddable":true,"href":"https:\/\/animicaportraits.com\/it\/wp-json\/wp\/v2\/media\/8724"}],"wp:attachment":[{"href":"https:\/\/animicaportraits.com\/it\/wp-json\/wp\/v2\/media?parent=11686"}],"wp:term":[{"taxonomy":"attore","embeddable":true,"href":"https:\/\/animicaportraits.com\/it\/wp-json\/wp\/v2\/attore?post=11686"},{"taxonomy":"product_brand","embeddable":true,"href":"https:\/\/animicaportraits.com\/it\/wp-json\/wp\/v2\/product_brand?post=11686"},{"taxonomy":"product_cat","embeddable":true,"href":"https:\/\/animicaportraits.com\/it\/wp-json\/wp\/v2\/product_cat?post=11686"},{"taxonomy":"product_tag","embeddable":true,"href":"https:\/\/animicaportraits.com\/it\/wp-json\/wp\/v2\/product_tag?post=11686"},{"taxonomy":"giftcard-category","embeddable":true,"href":"https:\/\/animicaportraits.com\/it\/wp-json\/wp\/v2\/giftcard-category?post=11686"}],"curies":[{"name":"wp","href":"https:\/\/api.w.org\/{rel}","templated":true}]}}