{"id":11936,"date":"2024-08-19T16:44:36","date_gmt":"2024-08-19T14:44:36","guid":{"rendered":"https:\/\/animicaportraits.com\/product\/veronica-vincenzo-ed-il-piccolo-nicola\/"},"modified":"2024-08-20T10:15:39","modified_gmt":"2024-08-20T08:15:39","slug":"veronica-vincenzo-ed-il-piccolo-nicola","status":"publish","type":"product","link":"https:\/\/animicaportraits.com\/it\/prodotto\/veronica-vincenzo-ed-il-piccolo-nicola\/","title":{"rendered":"Veronica Vincenzo ed il piccolo Nicola"},"content":{"rendered":"","protected":false},"excerpt":{"rendered":"<p>Il 17 agosto 2024 vi racconter\u00f2 la storia di Vincenzo Veronica e del loro piccolo Nicola, 11 mesi.<\/p>\n<p>Vincenzo e Veronica sono arrivati \u200b\u200ba Venezia da Napoli per impegni di lavoro, a dicembre 2023, quando Nicola aveva appena 3 mesi.<\/p>\n<p>Resteranno qui per qualche anno; ma a settembre il piccolo Nicola compir\u00e0 1 anno. Queste fotografie, rigorosamente stampate in Fine Art e Lux Art, sono e saranno la testimonianza emozionale, esistenziale del loro passaggio come famiglia, come coppia, ma soprattutto come mamma e pap\u00e0 di Nicola.<br \/>\nQuando Nicola crescer\u00e0, avr\u00e0 testimonianza di tutto questo; sar\u00e0 orgoglioso e onorato di questo ricordo.<\/p>\n<p>Come da rito, lo shooting fotografico si \u00e8 svolto in studio e all&#8217;esterno, in due momenti diversi della giornata, rispettando gli orari del pasto e del riposino del piccolo Nicola.<\/p>\n","protected":false},"featured_media":11714,"comment_status":"open","ping_status":"closed","template":"","meta":{"_acf_changed":false},"attore":[],"product_brand":[],"product_cat":[66],"product_tag":[228,67],"giftcard-category":[],"class_list":{"0":"post-11936","1":"product","2":"type-product","3":"status-publish","4":"has-post-thumbnail","6":"product_cat-ritratti-di-famiglia","7":"product_tag-photo-shooting-it","8":"product_tag-ritratti-di-famiglia","10":"first","11":"instock","12":"taxable","13":"shipping-taxable","14":"product-type-simple"},"acf":[],"_links":{"self":[{"href":"https:\/\/animicaportraits.com\/it\/wp-json\/wp\/v2\/product\/11936","targetHints":{"allow":["GET"]}}],"collection":[{"href":"https:\/\/animicaportraits.com\/it\/wp-json\/wp\/v2\/product"}],"about":[{"href":"https:\/\/animicaportraits.com\/it\/wp-json\/wp\/v2\/types\/product"}],"replies":[{"embeddable":true,"href":"https:\/\/animicaportraits.com\/it\/wp-json\/wp\/v2\/comments?post=11936"}],"version-history":[{"count":0,"href":"https:\/\/animicaportraits.com\/it\/wp-json\/wp\/v2\/product\/11936\/revisions"}],"wp:featuredmedia":[{"embeddable":true,"href":"https:\/\/animicaportraits.com\/it\/wp-json\/wp\/v2\/media\/11714"}],"wp:attachment":[{"href":"https:\/\/animicaportraits.com\/it\/wp-json\/wp\/v2\/media?parent=11936"}],"wp:term":[{"taxonomy":"attore","embeddable":true,"href":"https:\/\/animicaportraits.com\/it\/wp-json\/wp\/v2\/attore?post=11936"},{"taxonomy":"product_brand","embeddable":true,"href":"https:\/\/animicaportraits.com\/it\/wp-json\/wp\/v2\/product_brand?post=11936"},{"taxonomy":"product_cat","embeddable":true,"href":"https:\/\/animicaportraits.com\/it\/wp-json\/wp\/v2\/product_cat?post=11936"},{"taxonomy":"product_tag","embeddable":true,"href":"https:\/\/animicaportraits.com\/it\/wp-json\/wp\/v2\/product_tag?post=11936"},{"taxonomy":"giftcard-category","embeddable":true,"href":"https:\/\/animicaportraits.com\/it\/wp-json\/wp\/v2\/giftcard-category?post=11936"}],"curies":[{"name":"wp","href":"https:\/\/api.w.org\/{rel}","templated":true}]}}