{"id":17682,"date":"2024-10-02T11:15:56","date_gmt":"2024-10-02T09:15:56","guid":{"rendered":"https:\/\/animicaportraits.com\/product\/cluster-set-notturno-visibile\/"},"modified":"2024-10-02T11:15:56","modified_gmt":"2024-10-02T09:15:56","slug":"cluster-set-notturno-visibile","status":"publish","type":"product","link":"https:\/\/animicaportraits.com\/it\/prodotto\/cluster-set-notturno-visibile\/","title":{"rendered":"Cluster Set &#8211; Notturno Visibile"},"content":{"rendered":"<p>La performance \u00e8 puramente artistica, atta a porre lo spettatore ad un dialogo e riflessione verso il tema amore per la vita.<br \/>\nAttenzione le immagini sono idonee ad un pubblico adulto, contengono dati sensibili .<\/p>\n<p>Il mare \u00e8 &#8220;PACHA MAMA&#8221; la grande madre, simbolo di vita, grembo materno, IN QUESTO CASO MI PONGO E MI INCHINO VERSO MIA MADRE, accettando me stessa.<\/p>\n","protected":false},"excerpt":{"rendered":"<p>Cluster set &#8211; notturno visibile<br \/>\n3 Agosto 2024 , Lido di Venezia<\/p>\n<p>l&#8217;origine del visibile, si trova nell&#8217;invisibile.<br \/>\n&#8220;stanotte mi sono immersa in un mondo invisibile&#8221;<br \/>\nin questo mondo invisibile si trova la fonte delle virt\u00f9 pi\u00f9 elevate, soprattutto di quella pi\u00f9 importante: l&#8217;amore verso tutti gli esseri.<br \/>\ndevo sempre e di nuovo attingere a questa fonte. Perch\u00e9 la perfezione \u00e8 possibile solo quando l&#8217;invisibile si trasforma sempre e di nuovo in VISIBILE.<\/p>\n","protected":false},"featured_media":17607,"comment_status":"open","ping_status":"closed","template":"","meta":{"_acf_changed":false},"attore":[],"product_brand":[],"product_cat":[80],"product_tag":[161,28],"giftcard-category":[],"class_list":{"0":"post-17682","1":"product","2":"type-product","3":"status-publish","4":"has-post-thumbnail","6":"product_cat-autoritratti","7":"product_tag-animica-autoritratto","8":"product_tag-self-portraits","10":"first","11":"instock","12":"taxable","13":"shipping-taxable","14":"product-type-simple"},"acf":[],"_links":{"self":[{"href":"https:\/\/animicaportraits.com\/it\/wp-json\/wp\/v2\/product\/17682","targetHints":{"allow":["GET"]}}],"collection":[{"href":"https:\/\/animicaportraits.com\/it\/wp-json\/wp\/v2\/product"}],"about":[{"href":"https:\/\/animicaportraits.com\/it\/wp-json\/wp\/v2\/types\/product"}],"replies":[{"embeddable":true,"href":"https:\/\/animicaportraits.com\/it\/wp-json\/wp\/v2\/comments?post=17682"}],"version-history":[{"count":0,"href":"https:\/\/animicaportraits.com\/it\/wp-json\/wp\/v2\/product\/17682\/revisions"}],"wp:featuredmedia":[{"embeddable":true,"href":"https:\/\/animicaportraits.com\/it\/wp-json\/wp\/v2\/media\/17607"}],"wp:attachment":[{"href":"https:\/\/animicaportraits.com\/it\/wp-json\/wp\/v2\/media?parent=17682"}],"wp:term":[{"taxonomy":"attore","embeddable":true,"href":"https:\/\/animicaportraits.com\/it\/wp-json\/wp\/v2\/attore?post=17682"},{"taxonomy":"product_brand","embeddable":true,"href":"https:\/\/animicaportraits.com\/it\/wp-json\/wp\/v2\/product_brand?post=17682"},{"taxonomy":"product_cat","embeddable":true,"href":"https:\/\/animicaportraits.com\/it\/wp-json\/wp\/v2\/product_cat?post=17682"},{"taxonomy":"product_tag","embeddable":true,"href":"https:\/\/animicaportraits.com\/it\/wp-json\/wp\/v2\/product_tag?post=17682"},{"taxonomy":"giftcard-category","embeddable":true,"href":"https:\/\/animicaportraits.com\/it\/wp-json\/wp\/v2\/giftcard-category?post=17682"}],"curies":[{"name":"wp","href":"https:\/\/api.w.org\/{rel}","templated":true}]}}