{"id":17698,"date":"2024-10-02T11:42:39","date_gmt":"2024-10-02T09:42:39","guid":{"rendered":"https:\/\/animicaportraits.com\/product\/cluster-set-anno-2022\/"},"modified":"2024-10-02T11:42:39","modified_gmt":"2024-10-02T09:42:39","slug":"cluster-set-anno-2022","status":"publish","type":"product","link":"https:\/\/animicaportraits.com\/it\/prodotto\/cluster-set-anno-2022\/","title":{"rendered":"Cluster set &#8211; Anno 2022"},"content":{"rendered":"","protected":false},"excerpt":{"rendered":"<p>CLUSTER SET SERIE SELF-PORTRAITS<br \/>\nANNO 2022<\/p>\n<p>Luogo Barena sud Laguna Veneta<\/p>\n<p>Studio meditativo attraverso l&#8217;autoritratto.<\/p>\n<p>Imparo a conoscermi come essere in divenire, la cui evoluzione \u00e8 accompagnata dalla presenza del Cristo.<\/p>\n<p>autoritratto come preghiera<br \/>\n&#8220;che io sia capace di lasciare che il karma dia forma a ci\u00f2 che dovr\u00e0 divenire attraverso di me, a partire da ci\u00f2 che ho visto e sperimentato&#8221;<\/p>\n","protected":false},"featured_media":17687,"comment_status":"open","ping_status":"closed","template":"","meta":{"_acf_changed":false},"attore":[],"product_brand":[],"product_cat":[80],"product_tag":[161,28],"giftcard-category":[],"class_list":{"0":"post-17698","1":"product","2":"type-product","3":"status-publish","4":"has-post-thumbnail","6":"product_cat-autoritratti","7":"product_tag-animica-autoritratto","8":"product_tag-self-portraits","10":"first","11":"instock","12":"taxable","13":"shipping-taxable","14":"product-type-simple"},"acf":[],"_links":{"self":[{"href":"https:\/\/animicaportraits.com\/it\/wp-json\/wp\/v2\/product\/17698","targetHints":{"allow":["GET"]}}],"collection":[{"href":"https:\/\/animicaportraits.com\/it\/wp-json\/wp\/v2\/product"}],"about":[{"href":"https:\/\/animicaportraits.com\/it\/wp-json\/wp\/v2\/types\/product"}],"replies":[{"embeddable":true,"href":"https:\/\/animicaportraits.com\/it\/wp-json\/wp\/v2\/comments?post=17698"}],"version-history":[{"count":0,"href":"https:\/\/animicaportraits.com\/it\/wp-json\/wp\/v2\/product\/17698\/revisions"}],"wp:featuredmedia":[{"embeddable":true,"href":"https:\/\/animicaportraits.com\/it\/wp-json\/wp\/v2\/media\/17687"}],"wp:attachment":[{"href":"https:\/\/animicaportraits.com\/it\/wp-json\/wp\/v2\/media?parent=17698"}],"wp:term":[{"taxonomy":"attore","embeddable":true,"href":"https:\/\/animicaportraits.com\/it\/wp-json\/wp\/v2\/attore?post=17698"},{"taxonomy":"product_brand","embeddable":true,"href":"https:\/\/animicaportraits.com\/it\/wp-json\/wp\/v2\/product_brand?post=17698"},{"taxonomy":"product_cat","embeddable":true,"href":"https:\/\/animicaportraits.com\/it\/wp-json\/wp\/v2\/product_cat?post=17698"},{"taxonomy":"product_tag","embeddable":true,"href":"https:\/\/animicaportraits.com\/it\/wp-json\/wp\/v2\/product_tag?post=17698"},{"taxonomy":"giftcard-category","embeddable":true,"href":"https:\/\/animicaportraits.com\/it\/wp-json\/wp\/v2\/giftcard-category?post=17698"}],"curies":[{"name":"wp","href":"https:\/\/api.w.org\/{rel}","templated":true}]}}