{"id":21838,"date":"2025-01-11T11:18:38","date_gmt":"2025-01-11T10:18:38","guid":{"rendered":"https:\/\/animicaportraits.com\/product\/zio-omar-nipotina-laila\/"},"modified":"2025-01-11T11:43:55","modified_gmt":"2025-01-11T10:43:55","slug":"zio-omar-nipotina-laila","status":"publish","type":"product","link":"https:\/\/animicaportraits.com\/it\/prodotto\/zio-omar-nipotina-laila\/","title":{"rendered":"Zio Omar, nipotina Laila"},"content":{"rendered":"","protected":false},"excerpt":{"rendered":"<p>Gioved\u00ec 9 gennaio 2025<\/p>\n<p>Catturiamo<strong> l&#8217;amore<\/strong> e <strong>l&#8217;affetto<\/strong> che uniscono <strong>tre generazioni in un unico scatto<\/strong>. Omar, zio premuroso, la piccola Laila, piena di vita, e l&#8217;affettuosa nonna Fatu: un <strong>ritratto di famiglia<\/strong> che racconta una storia di <em>legami indissolubili<\/em> e <em>momenti preziosi.<\/em><\/p>\n<p>Ogni famiglia \u00e8 un mondo a s\u00e9. Nel nostro studio, <strong>celebriamo la vostra unicit\u00e0.<\/strong> Le fotografie di Omar, Laila e Fatu sono un esempio di come possiamo trasformare un semplice ritratto in un&#8217;opera d&#8217;arte che racconta la vostra storia.<\/p>\n<p><strong>Regalati un ricordo che durer\u00e0 nel tempo.<\/strong><\/p>\n","protected":false},"featured_media":21803,"comment_status":"open","ping_status":"closed","template":"","meta":{"_acf_changed":false},"attore":[],"product_brand":[],"product_cat":[66],"product_tag":[67,529],"giftcard-category":[],"class_list":{"0":"post-21838","1":"product","2":"type-product","3":"status-publish","4":"has-post-thumbnail","6":"product_cat-ritratti-di-famiglia","7":"product_tag-ritratti-di-famiglia","8":"product_tag-zio-e-nipote","10":"first","11":"instock","12":"taxable","13":"shipping-taxable","14":"product-type-simple"},"acf":[],"_links":{"self":[{"href":"https:\/\/animicaportraits.com\/it\/wp-json\/wp\/v2\/product\/21838","targetHints":{"allow":["GET"]}}],"collection":[{"href":"https:\/\/animicaportraits.com\/it\/wp-json\/wp\/v2\/product"}],"about":[{"href":"https:\/\/animicaportraits.com\/it\/wp-json\/wp\/v2\/types\/product"}],"replies":[{"embeddable":true,"href":"https:\/\/animicaportraits.com\/it\/wp-json\/wp\/v2\/comments?post=21838"}],"version-history":[{"count":1,"href":"https:\/\/animicaportraits.com\/it\/wp-json\/wp\/v2\/product\/21838\/revisions"}],"predecessor-version":[{"id":21839,"href":"https:\/\/animicaportraits.com\/it\/wp-json\/wp\/v2\/product\/21838\/revisions\/21839"}],"wp:featuredmedia":[{"embeddable":true,"href":"https:\/\/animicaportraits.com\/it\/wp-json\/wp\/v2\/media\/21803"}],"wp:attachment":[{"href":"https:\/\/animicaportraits.com\/it\/wp-json\/wp\/v2\/media?parent=21838"}],"wp:term":[{"taxonomy":"attore","embeddable":true,"href":"https:\/\/animicaportraits.com\/it\/wp-json\/wp\/v2\/attore?post=21838"},{"taxonomy":"product_brand","embeddable":true,"href":"https:\/\/animicaportraits.com\/it\/wp-json\/wp\/v2\/product_brand?post=21838"},{"taxonomy":"product_cat","embeddable":true,"href":"https:\/\/animicaportraits.com\/it\/wp-json\/wp\/v2\/product_cat?post=21838"},{"taxonomy":"product_tag","embeddable":true,"href":"https:\/\/animicaportraits.com\/it\/wp-json\/wp\/v2\/product_tag?post=21838"},{"taxonomy":"giftcard-category","embeddable":true,"href":"https:\/\/animicaportraits.com\/it\/wp-json\/wp\/v2\/giftcard-category?post=21838"}],"curies":[{"name":"wp","href":"https:\/\/api.w.org\/{rel}","templated":true}]}}