{"id":21988,"date":"2025-01-11T18:12:50","date_gmt":"2025-01-11T17:12:50","guid":{"rendered":"https:\/\/animicaportraits.com\/product\/aisha-e-leila-fatu-e-dudu-amore-di-maternita\/"},"modified":"2025-01-11T18:12:50","modified_gmt":"2025-01-11T17:12:50","slug":"aisha-e-leila-fatu-e-dudu-amore-di-maternita","status":"publish","type":"product","link":"https:\/\/animicaportraits.com\/it\/prodotto\/aisha-e-leila-fatu-e-dudu-amore-di-maternita\/","title":{"rendered":"Aisha e Leila, Fatu e Dud\u00f9, Amore di Maternit\u00e0"},"content":{"rendered":"","protected":false},"excerpt":{"rendered":"<p>Gioved\u00ec 9 gennaio 2025<\/p>\n<p>Un legame che unisce <strong>tre generazioni<\/strong> in un abbraccio di amore. Celebriamo la maternit\u00e0 di Aisha, la tenerezza di Leila e la saggezza di Fatu in un <strong>ritratto di famiglia<\/strong> che racconta una storia di <em>affetto<\/em> e <em>complicit\u00e0<\/em>. Un&#8217;esperienza unica per immortalare un momento speciale.<\/p>\n<p><strong>Desideri un ritratto che racconti la storia della tua famiglia?<\/strong> Lasciati ispirare dall&#8217;esempio di <strong>Aisha<\/strong>, <strong>Leila<\/strong> e <strong>Fatu<\/strong>. Un&#8217;esperienza fotografica personalizzata per celebrare l&#8217;amore che unisce le generazioni.<\/p>\n","protected":false},"featured_media":21850,"comment_status":"open","ping_status":"closed","template":"","meta":{"_acf_changed":false},"attore":[],"product_brand":[],"product_cat":[243],"product_tag":[244,167],"giftcard-category":[],"class_list":{"0":"post-21988","1":"product","2":"type-product","3":"status-publish","4":"has-post-thumbnail","6":"product_cat-ritratti-di-maternita","7":"product_tag-ritratti-di-maternita","8":"product_tag-servizi-fotografici-maternita","10":"first","11":"instock","12":"taxable","13":"shipping-taxable","14":"product-type-simple"},"acf":[],"_links":{"self":[{"href":"https:\/\/animicaportraits.com\/it\/wp-json\/wp\/v2\/product\/21988","targetHints":{"allow":["GET"]}}],"collection":[{"href":"https:\/\/animicaportraits.com\/it\/wp-json\/wp\/v2\/product"}],"about":[{"href":"https:\/\/animicaportraits.com\/it\/wp-json\/wp\/v2\/types\/product"}],"replies":[{"embeddable":true,"href":"https:\/\/animicaportraits.com\/it\/wp-json\/wp\/v2\/comments?post=21988"}],"version-history":[{"count":0,"href":"https:\/\/animicaportraits.com\/it\/wp-json\/wp\/v2\/product\/21988\/revisions"}],"wp:featuredmedia":[{"embeddable":true,"href":"https:\/\/animicaportraits.com\/it\/wp-json\/wp\/v2\/media\/21850"}],"wp:attachment":[{"href":"https:\/\/animicaportraits.com\/it\/wp-json\/wp\/v2\/media?parent=21988"}],"wp:term":[{"taxonomy":"attore","embeddable":true,"href":"https:\/\/animicaportraits.com\/it\/wp-json\/wp\/v2\/attore?post=21988"},{"taxonomy":"product_brand","embeddable":true,"href":"https:\/\/animicaportraits.com\/it\/wp-json\/wp\/v2\/product_brand?post=21988"},{"taxonomy":"product_cat","embeddable":true,"href":"https:\/\/animicaportraits.com\/it\/wp-json\/wp\/v2\/product_cat?post=21988"},{"taxonomy":"product_tag","embeddable":true,"href":"https:\/\/animicaportraits.com\/it\/wp-json\/wp\/v2\/product_tag?post=21988"},{"taxonomy":"giftcard-category","embeddable":true,"href":"https:\/\/animicaportraits.com\/it\/wp-json\/wp\/v2\/giftcard-category?post=21988"}],"curies":[{"name":"wp","href":"https:\/\/api.w.org\/{rel}","templated":true}]}}