{"id":24512,"date":"2025-04-11T01:19:28","date_gmt":"2025-04-10T23:19:28","guid":{"rendered":"https:\/\/animicaportraits.com\/product\/24512\/"},"modified":"2025-08-28T17:46:59","modified_gmt":"2025-08-28T15:46:59","slug":"cartolina-lux-art-e-profumo-nocturnal-pauline-rochas","status":"publish","type":"product","link":"https:\/\/animicaportraits.com\/it\/prodotto\/cartolina-lux-art-e-profumo-nocturnal-pauline-rochas\/","title":{"rendered":"Cartolina Lux Art e Profumo Nocturnal Pauline Rochas"},"content":{"rendered":"<p><strong>Cartolina Lux Art<\/strong><br \/>\nFotografia d&#8217;autore di <em>Barbara Pigazzi<\/em>, stampata su supporto in metallo prezioso certificato LUX ART CHROMALUXE MIRROR FINISH.<\/p>\n<p><strong>Formato cartolina:<\/strong> 10&#215;15 cm, stampata su supporto metallico certificato LUX ART ChromaLuxe, accompagnata da autentica dell&#8217;autore con firma.<br \/>\n<strong>Link:<\/strong> La Laguna Nera<\/p>\n<p><strong>Notturno. Disponibile da febbraio 2025. Edizione limitata. Elisir di profumo da 50 ml:<\/strong><br \/>\nNocturnal \u00e8 l&#8217;ultima fragranza di Pauline Rochas. Questa Eau de Nuit \u00e8 un invito ad abbandonarsi al fascino della notte. Sussurra di seduzione, mistero e un tocco di natura selvaggia, lasciando un&#8217;impressione sensuale dopo il tramonto. A volte la sera \u00e8 dolce. A volte \u00e8 il momento di esplorare la natura selvaggia. Ricche note affumicate di cuoio e ambra introducono un&#8217;intensit\u00e0 audace e animalesca, perfetta per le audaci creature della notte. La vaniglia e il muschio aggiungono un tocco irresistibile: un tocco gourmand che richiama i piaceri edonistici. Nocturnal \u00e8 il dolce brivido di una notte che potrebbe andare ovunque.<br \/>\nSviluppato con Yann Vasnier<\/p>\n<p><strong>NOTE DI PROFUMO:<\/strong><br \/>\nAccordo di pelle scamosciata, assoluta di vaniglia, muschi, ambra, legno di Georgy, zafferano, fava tonka, accordo di frangipane.<\/p>\n","protected":false},"excerpt":{"rendered":"<p>Il profumo Nocturnal di Pauline Rochas e l&#8217;arte di Animica<\/p>\n<p>\u00c8 accompagnato da un evocativo LUX ART CHROMALUXE d&#8217;autore, finitura SPECCHIO dell&#8217;opera &#8220;La Laguna Nera&#8221; anno 2020, con l&#8217;autenticit\u00e0 dell&#8217;autrice Barbara Pigazzi e la certificazione CromaLuxe.<\/p>\n","protected":false},"featured_media":24508,"comment_status":"open","ping_status":"closed","template":"","meta":{"_acf_changed":false},"attore":[],"product_brand":[],"product_cat":[248],"product_tag":[261,625,674,93],"giftcard-category":[],"class_list":{"0":"post-24512","1":"product","2":"type-product","3":"status-publish","4":"has-post-thumbnail","6":"product_cat-ambiente-ed-essenza","7":"product_tag-ambiente-ed-essenza","8":"product_tag-la-laguna-nera","9":"product_tag-nocturnal-it","10":"product_tag-pauline-rochas-it","12":"first","13":"instock","14":"taxable","15":"shipping-taxable","16":"purchasable","17":"product-type-simple"},"acf":[],"_links":{"self":[{"href":"https:\/\/animicaportraits.com\/it\/wp-json\/wp\/v2\/product\/24512","targetHints":{"allow":["GET"]}}],"collection":[{"href":"https:\/\/animicaportraits.com\/it\/wp-json\/wp\/v2\/product"}],"about":[{"href":"https:\/\/animicaportraits.com\/it\/wp-json\/wp\/v2\/types\/product"}],"replies":[{"embeddable":true,"href":"https:\/\/animicaportraits.com\/it\/wp-json\/wp\/v2\/comments?post=24512"}],"version-history":[{"count":1,"href":"https:\/\/animicaportraits.com\/it\/wp-json\/wp\/v2\/product\/24512\/revisions"}],"predecessor-version":[{"id":24513,"href":"https:\/\/animicaportraits.com\/it\/wp-json\/wp\/v2\/product\/24512\/revisions\/24513"}],"wp:featuredmedia":[{"embeddable":true,"href":"https:\/\/animicaportraits.com\/it\/wp-json\/wp\/v2\/media\/24508"}],"wp:attachment":[{"href":"https:\/\/animicaportraits.com\/it\/wp-json\/wp\/v2\/media?parent=24512"}],"wp:term":[{"taxonomy":"attore","embeddable":true,"href":"https:\/\/animicaportraits.com\/it\/wp-json\/wp\/v2\/attore?post=24512"},{"taxonomy":"product_brand","embeddable":true,"href":"https:\/\/animicaportraits.com\/it\/wp-json\/wp\/v2\/product_brand?post=24512"},{"taxonomy":"product_cat","embeddable":true,"href":"https:\/\/animicaportraits.com\/it\/wp-json\/wp\/v2\/product_cat?post=24512"},{"taxonomy":"product_tag","embeddable":true,"href":"https:\/\/animicaportraits.com\/it\/wp-json\/wp\/v2\/product_tag?post=24512"},{"taxonomy":"giftcard-category","embeddable":true,"href":"https:\/\/animicaportraits.com\/it\/wp-json\/wp\/v2\/giftcard-category?post=24512"}],"curies":[{"name":"wp","href":"https:\/\/api.w.org\/{rel}","templated":true}]}}