{"id":25254,"date":"2025-04-24T12:51:21","date_gmt":"2025-04-24T10:51:21","guid":{"rendered":"https:\/\/animicaportraits.com\/product\/papa-francesco-saluta-i-veneziani-durante-la-visita-del-carcere-della-giudecca-1\/"},"modified":"2025-04-26T16:07:46","modified_gmt":"2025-04-26T14:07:46","slug":"papa-francesco-saluta-i-veneziani-durante-la-visita-del-carcere-della-giudecca-1","status":"publish","type":"product","link":"https:\/\/animicaportraits.com\/it\/prodotto\/papa-francesco-saluta-i-veneziani-durante-la-visita-del-carcere-della-giudecca-1\/","title":{"rendered":"Papa Francesco saluta i Veneziani durante la visita del carcere della giudecca. #1"},"content":{"rendered":"<p>Questa immagine, impressa con la <em>tecnologia Chromaluxe<\/em> per una brillantezza e una durata eccezionali, \u00e8 pi\u00f9 di una semplice fotografia: \u00e8 un simbolo di speranza, umilt\u00e0 e amore incondizionato. Ogni dettaglio, ogni sguardo, ogni gesto di Papa Francesco \u00e8 reso con una nitidezza sorprendente, permettendoti di rivivere quel giorno speciale ogni volta che lo desideri.<\/p>\n<p><em>&#8220;Un tributo a un uomo straordinario, la cui presenza ha portato conforto e ispirazione. Questa stampa \u00e8 un tesoro da custodire, un promemoria costante della forza dell&#8217;umanit\u00e0 e della capacit\u00e0 di trovare la luce anche nei luoghi pi\u00f9 oscuri.&#8221;<\/em><\/p>\n<p><strong>Perch\u00e9 scegliere questa stampa Chromaluxe?<\/strong><\/p>\n<p><strong>Qualit\u00e0 Superiore:<\/strong> La tecnologia Chromaluxe garantisce colori vividi e una resistenza impareggiabile nel tempo.<br \/>\n<strong>Momento Storico:<\/strong> Un ricordo tangibile di un evento significativo, ricco di significato emotivo.<br \/>\n<strong>Ispirazione Quotidiana:<\/strong> Un&#8217;immagine che parla al cuore, un promemoria della forza dell&#8217;amore e della compassione.<br \/>\n<strong>Regalo Prezioso:<\/strong> Perfetto per chi apprezza i momenti di profonda umanit\u00e0 e desidera conservarne la memoria.<br \/>\nNon perdere l&#8217;occasione di possedere un pezzo di storia, un&#8217;immagine che parla all&#8217;anima. Aggiungi questa stampa alla tua collezione o regalala a chi ami, per condividere un messaggio di speranza e umanit\u00e0.<\/p>\n<p><strong><em>Acquista ora e porta a casa un ricordo eterno!<\/em><\/strong><\/p>\n","protected":false},"excerpt":{"rendered":"<p>Venezia &#8211; 28 APRILE 2024: Papa Francesco saluta i veneziani durante la sua visita in giudecca al carcere femminile il 28 aprile 2024.<\/p>\n<p><strong>Un Ricordo Indimenticabile: Papa Francesco alla Giudecca, 28 Aprile 2024<\/strong><\/p>\n<p>Custodisci un momento storico e carico di umanit\u00e0 con questa stampa su Chromaluxe in formato A4, che cattura Papa Francesco durante la sua visita al carcere femminile dell&#8217;isola della Giudecca, Venezia, il 28 aprile 2024.<\/p>\n<p><strong>Fomato:<\/strong> 21&#215;30 cm<br \/>\n<strong>Spessore:<\/strong> 2 mm<br \/>\n<strong>Supporto di stampa:<\/strong> Chromaluxe su metallo finitura lucida<br \/>\n<strong>Autenticazione:<\/strong> Barbara Pigazzi<\/p>\n","protected":false},"featured_media":25348,"comment_status":"open","ping_status":"closed","template":"","meta":{"_acf_changed":false},"attore":[],"product_brand":[],"product_cat":[629],"product_tag":[631],"giftcard-category":[],"class_list":{"0":"post-25254","1":"product","2":"type-product","3":"status-publish","4":"has-post-thumbnail","6":"product_cat-papa-francesco","7":"product_tag-papa-francesco","9":"first","10":"instock","11":"purchasable","12":"product-type-simple"},"acf":[],"_links":{"self":[{"href":"https:\/\/animicaportraits.com\/it\/wp-json\/wp\/v2\/product\/25254","targetHints":{"allow":["GET"]}}],"collection":[{"href":"https:\/\/animicaportraits.com\/it\/wp-json\/wp\/v2\/product"}],"about":[{"href":"https:\/\/animicaportraits.com\/it\/wp-json\/wp\/v2\/types\/product"}],"replies":[{"embeddable":true,"href":"https:\/\/animicaportraits.com\/it\/wp-json\/wp\/v2\/comments?post=25254"}],"version-history":[{"count":2,"href":"https:\/\/animicaportraits.com\/it\/wp-json\/wp\/v2\/product\/25254\/revisions"}],"predecessor-version":[{"id":25372,"href":"https:\/\/animicaportraits.com\/it\/wp-json\/wp\/v2\/product\/25254\/revisions\/25372"}],"wp:featuredmedia":[{"embeddable":true,"href":"https:\/\/animicaportraits.com\/it\/wp-json\/wp\/v2\/media\/25348"}],"wp:attachment":[{"href":"https:\/\/animicaportraits.com\/it\/wp-json\/wp\/v2\/media?parent=25254"}],"wp:term":[{"taxonomy":"attore","embeddable":true,"href":"https:\/\/animicaportraits.com\/it\/wp-json\/wp\/v2\/attore?post=25254"},{"taxonomy":"product_brand","embeddable":true,"href":"https:\/\/animicaportraits.com\/it\/wp-json\/wp\/v2\/product_brand?post=25254"},{"taxonomy":"product_cat","embeddable":true,"href":"https:\/\/animicaportraits.com\/it\/wp-json\/wp\/v2\/product_cat?post=25254"},{"taxonomy":"product_tag","embeddable":true,"href":"https:\/\/animicaportraits.com\/it\/wp-json\/wp\/v2\/product_tag?post=25254"},{"taxonomy":"giftcard-category","embeddable":true,"href":"https:\/\/animicaportraits.com\/it\/wp-json\/wp\/v2\/giftcard-category?post=25254"}],"curies":[{"name":"wp","href":"https:\/\/api.w.org\/{rel}","templated":true}]}}