{"id":27544,"date":"2025-08-05T15:47:06","date_gmt":"2025-08-05T13:47:06","guid":{"rendered":"https:\/\/animicaportraits.com\/product\/caroline-harth\/"},"modified":"2025-09-14T16:56:25","modified_gmt":"2025-09-14T14:56:25","slug":"caroline-harth","status":"publish","type":"product","link":"https:\/\/animicaportraits.com\/it\/prodotto\/caroline-harth\/","title":{"rendered":"Caroline Harth"},"content":{"rendered":"","protected":false},"excerpt":{"rendered":"<p><strong>Caroline Harth<\/strong>, fondatrice e CEO di Harthcommunications.<\/p>\n<p>La professionista <strong>Barbara Pigazzi<\/strong> ha trasformato il ritratto in un viaggio sensoriale abbinandolo al profumo <strong>Nocturnal<\/strong>, l&#8217;ultima fragranza di <strong>Pauline Rochas<\/strong>, creando una connessione ancora pi\u00f9 profonda con il ricordo.<\/p>\n<p>Questa eau de nuit \u00e8 un invito ad abbandonarsi al fascino della notte, sussurrando seduzione, mistero e sensualit\u00e0. Note di cuoio e ambra introducono un&#8217;intensit\u00e0 audace.<\/p>\n<p>Un&#8217;esperienza femminile unica, intima e autentica attraverso la visione dell&#8217;artista.<br \/>\nGrazie alla splendida <strong>Caroline<\/strong>, ritratta qui nella sua esperienza multisensoriale.<\/p>\n<p><img fetchpriority=\"high\" decoding=\"async\" class=\"alignnone wp-image-24027 size-full\" src=\"https:\/\/animicaportraits.com\/wp-content\/uploads\/2025\/03\/eau-de-nuit-nocturnal-pauline-rochas.png\" alt=\"eau-de-nuit-nocturnal-pauline-rochas\" width=\"720\" height=\"720\" srcset=\"https:\/\/animicaportraits.com\/wp-content\/uploads\/2025\/03\/eau-de-nuit-nocturnal-pauline-rochas.png 720w, https:\/\/animicaportraits.com\/wp-content\/uploads\/2025\/03\/eau-de-nuit-nocturnal-pauline-rochas-300x300.png 300w, https:\/\/animicaportraits.com\/wp-content\/uploads\/2025\/03\/eau-de-nuit-nocturnal-pauline-rochas-100x100.png 100w, https:\/\/animicaportraits.com\/wp-content\/uploads\/2025\/03\/eau-de-nuit-nocturnal-pauline-rochas-600x600.png 600w, https:\/\/animicaportraits.com\/wp-content\/uploads\/2025\/03\/eau-de-nuit-nocturnal-pauline-rochas-150x150.png 150w\" sizes=\"(max-width: 720px) 100vw, 720px\" \/><\/p>\n<p>Link: <a href=\"https:\/\/animicaportraits.com\/it\/prodotto\/cartolina-lux-art-e-profumo-nocturnal-pauline-rochas\/\">Nocturnal Perfume<\/a><\/p>\n","protected":false},"featured_media":27498,"comment_status":"open","ping_status":"closed","template":"","meta":{"_acf_changed":false},"attore":[],"product_brand":[],"product_cat":[226],"product_tag":[673,674,227],"giftcard-category":[],"class_list":{"0":"post-27544","1":"product","2":"type-product","3":"status-publish","4":"has-post-thumbnail","6":"product_cat-ritratti-di-esperienza-multisensoriale","7":"product_tag-caroline-harth-it","8":"product_tag-nocturnal-it","9":"product_tag-ritratti-di-esperienza-multisensoriale","11":"first","12":"instock","13":"taxable","14":"shipping-taxable","15":"product-type-simple"},"acf":[],"_links":{"self":[{"href":"https:\/\/animicaportraits.com\/it\/wp-json\/wp\/v2\/product\/27544","targetHints":{"allow":["GET"]}}],"collection":[{"href":"https:\/\/animicaportraits.com\/it\/wp-json\/wp\/v2\/product"}],"about":[{"href":"https:\/\/animicaportraits.com\/it\/wp-json\/wp\/v2\/types\/product"}],"replies":[{"embeddable":true,"href":"https:\/\/animicaportraits.com\/it\/wp-json\/wp\/v2\/comments?post=27544"}],"version-history":[{"count":1,"href":"https:\/\/animicaportraits.com\/it\/wp-json\/wp\/v2\/product\/27544\/revisions"}],"predecessor-version":[{"id":27959,"href":"https:\/\/animicaportraits.com\/it\/wp-json\/wp\/v2\/product\/27544\/revisions\/27959"}],"wp:featuredmedia":[{"embeddable":true,"href":"https:\/\/animicaportraits.com\/it\/wp-json\/wp\/v2\/media\/27498"}],"wp:attachment":[{"href":"https:\/\/animicaportraits.com\/it\/wp-json\/wp\/v2\/media?parent=27544"}],"wp:term":[{"taxonomy":"attore","embeddable":true,"href":"https:\/\/animicaportraits.com\/it\/wp-json\/wp\/v2\/attore?post=27544"},{"taxonomy":"product_brand","embeddable":true,"href":"https:\/\/animicaportraits.com\/it\/wp-json\/wp\/v2\/product_brand?post=27544"},{"taxonomy":"product_cat","embeddable":true,"href":"https:\/\/animicaportraits.com\/it\/wp-json\/wp\/v2\/product_cat?post=27544"},{"taxonomy":"product_tag","embeddable":true,"href":"https:\/\/animicaportraits.com\/it\/wp-json\/wp\/v2\/product_tag?post=27544"},{"taxonomy":"giftcard-category","embeddable":true,"href":"https:\/\/animicaportraits.com\/it\/wp-json\/wp\/v2\/giftcard-category?post=27544"}],"curies":[{"name":"wp","href":"https:\/\/api.w.org\/{rel}","templated":true}]}}