{"id":30030,"date":"2025-11-11T17:40:38","date_gmt":"2025-11-11T16:40:38","guid":{"rendered":"https:\/\/animicaportraits.com\/product\/carlotta-e-numa\/"},"modified":"2025-11-12T10:46:54","modified_gmt":"2025-11-12T09:46:54","slug":"carlotta-e-numa","status":"publish","type":"product","link":"https:\/\/animicaportraits.com\/it\/prodotto\/carlotta-e-numa\/","title":{"rendered":"Carlotta e Numa"},"content":{"rendered":"","protected":false},"excerpt":{"rendered":"<p><strong>Numa<\/strong> bouledogue francese di 10 anni con la sua umana del cuore <strong>Carlotta<\/strong>, veneziana, hanno scelto i ritratti d&#8217;autore firmati <strong>Barbara Pigazzi.<\/strong><\/p>\n<p>Il servizio fotografico \u00e8 stato eseguito presso il <em>parco Bissuola<\/em> di <strong>Mestre<\/strong>, nel luogo di casa del suo fedele pelosetto.<br \/>\nCarlotta e il suo cane sono stati colti in momenti di gioco e relax, e rispettando la delicata struttura del <strong>boulldog francese<\/strong> che come ben sappiamo \u00e8 una specie molto particolare e sensibile in et\u00e0 avanzata, con delicati problemi alle articolazioni e difficolt\u00e0 respiratorie, motivo questo per cui <strong>Numa<\/strong> non \u00e8 potuta venire in isola presso lo <strong>studio Animica,<\/strong> bens\u00ec in esterna, vicino a dove risiede.<\/p>\n<p>Un ringraziamento speciale non solo per aver scelto la fotografia le stampe fine art incorniciate di Barbara ma soprattutto per partecipare all&#8217;iniziativa di beneficienza promossa da <strong>Caterina Murino<\/strong> in collaborazione con la nostra fotografa che si terra&#8217; a Mestre presso la <strong>Biblioteca comunale dal 14 al 28 di novembre.<\/strong><\/p>\n<p><em>Mostra di Beneficienza con Federica Cossu,<\/em> in sostegno <strong>SOLIDALE<\/strong> e aiuto <strong>CONCRETO<\/strong> per La <strong>Dingo di Venezia<\/strong>, il gattile e altri rifiugi del <strong>Veneto<\/strong>.<\/p>\n","protected":false},"featured_media":29989,"comment_status":"open","ping_status":"closed","template":"","meta":{"_acf_changed":false},"attore":[],"product_brand":[],"product_cat":[765],"product_tag":[],"giftcard-category":[],"class_list":{"0":"post-30030","1":"product","2":"type-product","3":"status-publish","4":"has-post-thumbnail","6":"product_cat-ritratti-animali-domestici","8":"first","9":"instock","10":"taxable","11":"shipping-taxable","12":"product-type-simple"},"acf":[],"_links":{"self":[{"href":"https:\/\/animicaportraits.com\/it\/wp-json\/wp\/v2\/product\/30030","targetHints":{"allow":["GET"]}}],"collection":[{"href":"https:\/\/animicaportraits.com\/it\/wp-json\/wp\/v2\/product"}],"about":[{"href":"https:\/\/animicaportraits.com\/it\/wp-json\/wp\/v2\/types\/product"}],"replies":[{"embeddable":true,"href":"https:\/\/animicaportraits.com\/it\/wp-json\/wp\/v2\/comments?post=30030"}],"version-history":[{"count":2,"href":"https:\/\/animicaportraits.com\/it\/wp-json\/wp\/v2\/product\/30030\/revisions"}],"predecessor-version":[{"id":30036,"href":"https:\/\/animicaportraits.com\/it\/wp-json\/wp\/v2\/product\/30030\/revisions\/30036"}],"wp:featuredmedia":[{"embeddable":true,"href":"https:\/\/animicaportraits.com\/it\/wp-json\/wp\/v2\/media\/29989"}],"wp:attachment":[{"href":"https:\/\/animicaportraits.com\/it\/wp-json\/wp\/v2\/media?parent=30030"}],"wp:term":[{"taxonomy":"attore","embeddable":true,"href":"https:\/\/animicaportraits.com\/it\/wp-json\/wp\/v2\/attore?post=30030"},{"taxonomy":"product_brand","embeddable":true,"href":"https:\/\/animicaportraits.com\/it\/wp-json\/wp\/v2\/product_brand?post=30030"},{"taxonomy":"product_cat","embeddable":true,"href":"https:\/\/animicaportraits.com\/it\/wp-json\/wp\/v2\/product_cat?post=30030"},{"taxonomy":"product_tag","embeddable":true,"href":"https:\/\/animicaportraits.com\/it\/wp-json\/wp\/v2\/product_tag?post=30030"},{"taxonomy":"giftcard-category","embeddable":true,"href":"https:\/\/animicaportraits.com\/it\/wp-json\/wp\/v2\/giftcard-category?post=30030"}],"curies":[{"name":"wp","href":"https:\/\/api.w.org\/{rel}","templated":true}]}}