{"id":30830,"date":"2025-12-30T18:55:47","date_gmt":"2025-12-30T17:55:47","guid":{"rendered":"https:\/\/animicaportraits.com\/product\/tazza-in-ceramica-animica-nera-e-rossa-330-ml\/"},"modified":"2025-12-30T18:55:47","modified_gmt":"2025-12-30T17:55:47","slug":"tazza-in-ceramica-animica-nera-e-rossa-330-ml","status":"publish","type":"product","link":"https:\/\/animicaportraits.com\/it\/prodotto\/tazza-in-ceramica-animica-nera-e-rossa-330-ml\/","title":{"rendered":"Tazza in ceramica Animica, nera e rossa, 330 ml"},"content":{"rendered":"<p><strong>Dimensioni:<\/strong> 9,5 x \u00d8 8,0 cm<br \/>\n<strong>Peso:<\/strong> 0,34 kg<br \/>\n<strong>Materiale:<\/strong> ceramica<br \/>\n<strong>Colore:<\/strong> nero \/ rosso<br \/>\n<strong>Marca:<\/strong> Animica Studio Art Gallery Logo (rosso)<br \/>\n<em>Prodotto in Italia<\/em><\/p>\n","protected":false},"excerpt":{"rendered":"<p>Con il suo design classico, la tazza Animica \u00e8 un vero e proprio colpo d&#8217;occhio in qualsiasi casa o ufficio. Questa tazza \u00e8 disponibile in nero con logo rosso. Pu\u00f2 contenere fino a 330 ml di bevande calde e il materiale ceramico la rende resistente al calore. La tazza Animica \u00e8 lavabile in lavastoviglie secondo la norma EN12875-1.<\/p>\n","protected":false},"featured_media":30802,"comment_status":"open","ping_status":"closed","template":"","meta":{"_acf_changed":false},"attore":[],"product_brand":[],"product_cat":[793],"product_tag":[],"giftcard-category":[],"class_list":{"0":"post-30830","1":"product","2":"type-product","3":"status-publish","4":"has-post-thumbnail","6":"product_cat-merchandising","8":"first","9":"instock","10":"taxable","11":"shipping-taxable","12":"purchasable","13":"product-type-simple"},"acf":[],"_links":{"self":[{"href":"https:\/\/animicaportraits.com\/it\/wp-json\/wp\/v2\/product\/30830","targetHints":{"allow":["GET"]}}],"collection":[{"href":"https:\/\/animicaportraits.com\/it\/wp-json\/wp\/v2\/product"}],"about":[{"href":"https:\/\/animicaportraits.com\/it\/wp-json\/wp\/v2\/types\/product"}],"replies":[{"embeddable":true,"href":"https:\/\/animicaportraits.com\/it\/wp-json\/wp\/v2\/comments?post=30830"}],"version-history":[{"count":0,"href":"https:\/\/animicaportraits.com\/it\/wp-json\/wp\/v2\/product\/30830\/revisions"}],"wp:featuredmedia":[{"embeddable":true,"href":"https:\/\/animicaportraits.com\/it\/wp-json\/wp\/v2\/media\/30802"}],"wp:attachment":[{"href":"https:\/\/animicaportraits.com\/it\/wp-json\/wp\/v2\/media?parent=30830"}],"wp:term":[{"taxonomy":"attore","embeddable":true,"href":"https:\/\/animicaportraits.com\/it\/wp-json\/wp\/v2\/attore?post=30830"},{"taxonomy":"product_brand","embeddable":true,"href":"https:\/\/animicaportraits.com\/it\/wp-json\/wp\/v2\/product_brand?post=30830"},{"taxonomy":"product_cat","embeddable":true,"href":"https:\/\/animicaportraits.com\/it\/wp-json\/wp\/v2\/product_cat?post=30830"},{"taxonomy":"product_tag","embeddable":true,"href":"https:\/\/animicaportraits.com\/it\/wp-json\/wp\/v2\/product_tag?post=30830"},{"taxonomy":"giftcard-category","embeddable":true,"href":"https:\/\/animicaportraits.com\/it\/wp-json\/wp\/v2\/giftcard-category?post=30830"}],"curies":[{"name":"wp","href":"https:\/\/api.w.org\/{rel}","templated":true}]}}