{"id":30837,"date":"2025-07-18T17:33:54","date_gmt":"2025-07-18T15:33:54","guid":{"rendered":"https:\/\/animicaportraits.com\/product\/cappellino-animica-nero-rosso-con-visiera-in-cotone-biologico-atlantis\/"},"modified":"2025-07-18T17:33:54","modified_gmt":"2025-07-18T15:33:54","slug":"cappellino-animica-nero-rosso-con-visiera-in-cotone-biologico-atlantis","status":"publish","type":"product","link":"https:\/\/animicaportraits.com\/it\/prodotto\/cappellino-animica-nero-rosso-con-visiera-in-cotone-biologico-atlantis\/","title":{"rendered":"Cappellino Animica Nero Rosso con visiera in cotone biologico Atlantis"},"content":{"rendered":"<p><strong>Marca:<\/strong> Animica Studio<br \/>\n<strong>Frontale:<\/strong> Stampa a sublimazione con logo registrato dello studio Animica<br \/>\n<strong>Taglia:<\/strong> Regolabile, Chiusura in PVC<br \/>\n<strong>Colore:<\/strong> Nero \/ Rosso<br \/>\n<strong>Materiale:<\/strong> 100% cotone biologico<br \/>\n<strong>Tipo:<\/strong> Cappellino<br \/>\n<strong>Produttore:<\/strong> Atlantis (azienda americana certificata)<\/p>\n","protected":false},"excerpt":{"rendered":"<p><strong>Un&#8217;icona di stile<\/strong> senza tempo: Il <strong>cappellino Animica<\/strong> \u00e8 pi\u00f9 di un semplice berretto, \u00e8 <em>un simbolo di stile e funzionalit\u00e0.<\/em><br \/>\n<strong>Vestibilit\u00e0 regolabile<\/strong> per tutti: Grazie alla chiusura regolabile, si adatta facilmente a qualsiasi forma della testa, rendendolo pratico e <em>versatile per tutte le generazioni.<\/em><\/p>\n","protected":false},"featured_media":30412,"comment_status":"open","ping_status":"closed","template":"","meta":{"_acf_changed":false},"attore":[],"product_brand":[],"product_cat":[795],"product_tag":[801,799,800],"giftcard-category":[],"class_list":{"0":"post-30837","1":"product","2":"type-product","3":"status-publish","4":"has-post-thumbnail","6":"product_cat-cappellini","7":"product_tag-atlantis","8":"product_tag-cappellini","9":"product_tag-cotone-organico","11":"first","12":"instock","13":"taxable","14":"shipping-taxable","15":"purchasable","16":"product-type-simple"},"acf":[],"_links":{"self":[{"href":"https:\/\/animicaportraits.com\/it\/wp-json\/wp\/v2\/product\/30837","targetHints":{"allow":["GET"]}}],"collection":[{"href":"https:\/\/animicaportraits.com\/it\/wp-json\/wp\/v2\/product"}],"about":[{"href":"https:\/\/animicaportraits.com\/it\/wp-json\/wp\/v2\/types\/product"}],"replies":[{"embeddable":true,"href":"https:\/\/animicaportraits.com\/it\/wp-json\/wp\/v2\/comments?post=30837"}],"version-history":[{"count":0,"href":"https:\/\/animicaportraits.com\/it\/wp-json\/wp\/v2\/product\/30837\/revisions"}],"wp:featuredmedia":[{"embeddable":true,"href":"https:\/\/animicaportraits.com\/it\/wp-json\/wp\/v2\/media\/30412"}],"wp:attachment":[{"href":"https:\/\/animicaportraits.com\/it\/wp-json\/wp\/v2\/media?parent=30837"}],"wp:term":[{"taxonomy":"attore","embeddable":true,"href":"https:\/\/animicaportraits.com\/it\/wp-json\/wp\/v2\/attore?post=30837"},{"taxonomy":"product_brand","embeddable":true,"href":"https:\/\/animicaportraits.com\/it\/wp-json\/wp\/v2\/product_brand?post=30837"},{"taxonomy":"product_cat","embeddable":true,"href":"https:\/\/animicaportraits.com\/it\/wp-json\/wp\/v2\/product_cat?post=30837"},{"taxonomy":"product_tag","embeddable":true,"href":"https:\/\/animicaportraits.com\/it\/wp-json\/wp\/v2\/product_tag?post=30837"},{"taxonomy":"giftcard-category","embeddable":true,"href":"https:\/\/animicaportraits.com\/it\/wp-json\/wp\/v2\/giftcard-category?post=30837"}],"curies":[{"name":"wp","href":"https:\/\/api.w.org\/{rel}","templated":true}]}}