{"id":31227,"date":"2026-01-28T19:48:45","date_gmt":"2026-01-28T18:48:45","guid":{"rendered":"https:\/\/animicaportraits.com\/?post_type=product&#038;p=31227"},"modified":"2026-01-28T20:11:40","modified_gmt":"2026-01-28T19:11:40","slug":"t-shirt-nera-barbara-pigazzi-1-animica-iconiche-copy","status":"publish","type":"product","link":"https:\/\/animicaportraits.com\/it\/prodotto\/t-shirt-nera-barbara-pigazzi-1-animica-iconiche-copy\/","title":{"rendered":"T-shirt nera Najwa Nimri &#8211; Animica Iconiche"},"content":{"rendered":"<ul>\n<li>220 g\/m\u00b2<\/li>\n<li>100% cotone (Investing in Better Cotton)<\/li>\n<li>Vero stile neutro rispetto al genere con cuciture laterali<\/li>\n<li>Tessuto resistente con una sensazione al tatto premium<\/li>\n<li>Look streetwear autentico<\/li>\n<li>Costola prominente del collo per un look autentico<\/li>\n<li>Spalla scesa con vestibilit\u00e0 rilassata e volutamente oversize<\/li>\n<li>Soluzione &#8220;B&amp;C No Label\u201d per un facile rebranding.<\/li>\n<li>Girocollo<\/li>\n<li>Maniche corte<\/li>\n<li>Foto di Najwa Nimri<\/li>\n<li>Crediti Barbara Pigazzi fotografa<\/li>\n<li>Prodotto in Italia<\/li>\n<\/ul>\n","protected":false},"excerpt":{"rendered":"<p><strong>T-shirt nera Najwa Nimri stampata in alta risoluzione<\/strong><\/p>\n<p>Realizzata in 100% cotone (investendo in Better Cotton), il tessuto \u00e8 stato lavato per garantire una vestibilit\u00e0 morbida e confortevole. Con un peso di 200 g\/m\u00b2, questa t-shirt offre il perfetto equilibrio tra leggerezza e qualit\u00e0.<\/p>\n<p>T-shirt con grafica frontale in cotone nero &#8211; <strong>Crediti foto Barbara Pigazzi Photography<\/strong><\/p>\n<p><strong>Chi \u00e8 Najwa Nimri?<\/strong><br \/>\n<strong>Musa, ribelle, leggenda.<\/strong> Porta sempre con te l&#8217;energia travolgente di <strong>Najwa Nimri.<\/strong> Questo scatto esclusivo dal Festival immortala l&#8217;attrice \u2014 l&#8217;indimenticabile e spietata <strong>Alicia Sierra<\/strong> de <strong>La Casa di Carta<\/strong> \u2014 in un momento di pura magia cinematografica. Non \u00e8 solo una maglietta, \u00e8 una dichiarazione d&#8217;amore per il talento unico di una delle protagoniste pi\u00f9 iconiche del piccolo e grande schermo.<\/p>\n<p>Link: <a href=\"https:\/\/it.wikipedia.org\/wiki\/Najwa_Nimri\" target=\"_blank\" rel=\"noopener\">Wikipedia<\/a><\/p>\n","protected":false},"featured_media":31231,"comment_status":"open","ping_status":"closed","template":"","meta":{"_acf_changed":false},"attore":[],"product_brand":[],"product_cat":[789,797],"product_tag":[821,805],"giftcard-category":[],"class_list":{"0":"post-31227","1":"product","2":"type-product","3":"status-publish","4":"has-post-thumbnail","6":"product_cat-abbigliamento","7":"product_cat-magliette","8":"product_tag-najwa-nimri","9":"product_tag-t-shirt","11":"first","12":"instock","13":"taxable","14":"shipping-taxable","15":"purchasable","16":"product-type-variable"},"acf":[],"_links":{"self":[{"href":"https:\/\/animicaportraits.com\/it\/wp-json\/wp\/v2\/product\/31227","targetHints":{"allow":["GET"]}}],"collection":[{"href":"https:\/\/animicaportraits.com\/it\/wp-json\/wp\/v2\/product"}],"about":[{"href":"https:\/\/animicaportraits.com\/it\/wp-json\/wp\/v2\/types\/product"}],"replies":[{"embeddable":true,"href":"https:\/\/animicaportraits.com\/it\/wp-json\/wp\/v2\/comments?post=31227"}],"version-history":[{"count":2,"href":"https:\/\/animicaportraits.com\/it\/wp-json\/wp\/v2\/product\/31227\/revisions"}],"predecessor-version":[{"id":31240,"href":"https:\/\/animicaportraits.com\/it\/wp-json\/wp\/v2\/product\/31227\/revisions\/31240"}],"wp:featuredmedia":[{"embeddable":true,"href":"https:\/\/animicaportraits.com\/it\/wp-json\/wp\/v2\/media\/31231"}],"wp:attachment":[{"href":"https:\/\/animicaportraits.com\/it\/wp-json\/wp\/v2\/media?parent=31227"}],"wp:term":[{"taxonomy":"attore","embeddable":true,"href":"https:\/\/animicaportraits.com\/it\/wp-json\/wp\/v2\/attore?post=31227"},{"taxonomy":"product_brand","embeddable":true,"href":"https:\/\/animicaportraits.com\/it\/wp-json\/wp\/v2\/product_brand?post=31227"},{"taxonomy":"product_cat","embeddable":true,"href":"https:\/\/animicaportraits.com\/it\/wp-json\/wp\/v2\/product_cat?post=31227"},{"taxonomy":"product_tag","embeddable":true,"href":"https:\/\/animicaportraits.com\/it\/wp-json\/wp\/v2\/product_tag?post=31227"},{"taxonomy":"giftcard-category","embeddable":true,"href":"https:\/\/animicaportraits.com\/it\/wp-json\/wp\/v2\/giftcard-category?post=31227"}],"curies":[{"name":"wp","href":"https:\/\/api.w.org\/{rel}","templated":true}]}}