{"id":5703,"date":"2024-02-25T09:48:58","date_gmt":"2024-02-25T08:48:58","guid":{"rendered":"https:\/\/animicaportraits.com\/prodotto\/caterina-murino\/"},"modified":"2025-09-01T17:30:52","modified_gmt":"2025-09-01T15:30:52","slug":"caterina-murino","status":"publish","type":"product","link":"https:\/\/animicaportraits.com\/it\/prodotto\/caterina-murino\/","title":{"rendered":"Caterina Murino"},"content":{"rendered":"<p>Mostra del Cinema di Venezia 2023, madrina Caterina Murino<\/p>\n<p>La radiosa attrice e donna di grande e profonda umanit\u00e0 ha dato il via all&#8217;80esima edizione della Mostra del Cinema di Venezia.<br \/>\nEx Bond Girl.<\/p>\n<p>Testimonial di Amfer dal 2006, con tanto cinema internazionale alle spalle, vive a Parigi ormai da vent&#8217;anni e ha trovato l&#8217;amore anche nella pi\u00f9 romantica delle citt\u00e0 (leggi Edouard Riguad, avvocato francese). Il discorso che terr\u00e0 domani nel salone grande del Lido di Venezia \u00e8 stato memorizzato anche dai suoi due gatti, Ilithya ed Hercule.<\/p>\n","protected":false},"excerpt":{"rendered":"<p>Caterina Murino \u00e8 un&#8217;attrice italiana.<br \/>\nLa madrina della Mostra del Cinema di Venezia 2023.<br \/>\nVive e lavora a Parigi.<br \/>\nConosciuta in tutto il mondo con il ruolo di Bond girl nel film Casino Royale.<\/p>\n","protected":false},"featured_media":827,"comment_status":"open","ping_status":"closed","template":"","meta":{"_acf_changed":false},"attore":[],"product_brand":[],"product_cat":[73],"product_tag":[92],"giftcard-category":[],"class_list":{"0":"post-5703","1":"product","2":"type-product","3":"status-publish","4":"has-post-thumbnail","6":"product_cat-ritratti-di-celebrita","7":"product_tag-ritratti-di-celebrita","9":"first","10":"instock","11":"taxable","12":"shipping-taxable","13":"product-type-simple"},"acf":[],"_links":{"self":[{"href":"https:\/\/animicaportraits.com\/it\/wp-json\/wp\/v2\/product\/5703","targetHints":{"allow":["GET"]}}],"collection":[{"href":"https:\/\/animicaportraits.com\/it\/wp-json\/wp\/v2\/product"}],"about":[{"href":"https:\/\/animicaportraits.com\/it\/wp-json\/wp\/v2\/types\/product"}],"replies":[{"embeddable":true,"href":"https:\/\/animicaportraits.com\/it\/wp-json\/wp\/v2\/comments?post=5703"}],"version-history":[{"count":1,"href":"https:\/\/animicaportraits.com\/it\/wp-json\/wp\/v2\/product\/5703\/revisions"}],"predecessor-version":[{"id":28444,"href":"https:\/\/animicaportraits.com\/it\/wp-json\/wp\/v2\/product\/5703\/revisions\/28444"}],"wp:featuredmedia":[{"embeddable":true,"href":"https:\/\/animicaportraits.com\/it\/wp-json\/wp\/v2\/media\/827"}],"wp:attachment":[{"href":"https:\/\/animicaportraits.com\/it\/wp-json\/wp\/v2\/media?parent=5703"}],"wp:term":[{"taxonomy":"attore","embeddable":true,"href":"https:\/\/animicaportraits.com\/it\/wp-json\/wp\/v2\/attore?post=5703"},{"taxonomy":"product_brand","embeddable":true,"href":"https:\/\/animicaportraits.com\/it\/wp-json\/wp\/v2\/product_brand?post=5703"},{"taxonomy":"product_cat","embeddable":true,"href":"https:\/\/animicaportraits.com\/it\/wp-json\/wp\/v2\/product_cat?post=5703"},{"taxonomy":"product_tag","embeddable":true,"href":"https:\/\/animicaportraits.com\/it\/wp-json\/wp\/v2\/product_tag?post=5703"},{"taxonomy":"giftcard-category","embeddable":true,"href":"https:\/\/animicaportraits.com\/it\/wp-json\/wp\/v2\/giftcard-category?post=5703"}],"curies":[{"name":"wp","href":"https:\/\/api.w.org\/{rel}","templated":true}]}}