{"id":6013,"date":"2024-01-20T11:51:09","date_gmt":"2024-01-20T10:51:09","guid":{"rendered":"https:\/\/animicaportraits.com\/prodotto\/la-divina-caligine\/"},"modified":"2024-04-21T19:36:58","modified_gmt":"2024-04-21T17:36:58","slug":"la-divina-caligine","status":"publish","type":"product","link":"https:\/\/animicaportraits.com\/it\/prodotto\/la-divina-caligine\/","title":{"rendered":"La Divina Caligine"},"content":{"rendered":"<h4><span style=\"color: #000000;\">Che cosa sia, la Divina Caligine<\/span><\/h4>\n<p>Trinit\u00e0 soprasostanziale superdivina e superbuona, custode della divina sapienza dei cristiani.<br \/>\nL\u00e0 dove i misteri semplici e assoluti e immutabili della teologia sono nascosti nella CALIGINE.<br \/>\nLuminosissima del silenzio che insegna arcanamente; Caligine che fa risplendere in maniera Superiore nella massima oscurit\u00e0 ci\u00f2 che \u00e8 splendidissimo, e che esuberantemente riempie le intelligenze prive di OCCHI, di splendori meravigliosi, nella completa intangibilit\u00e0 e invisibilit\u00e0.<br \/>\nQuesta sia la mia preghiera; con un esercizio attentissimo nei riguardi delle contemplazioni mistiche, abbandona i sensi e le operazioni intellettuali, tutte.<br \/>\nLe cose sensibili e intelligibili, tutte le cose che non sono e quelle che sono, e in piena ignoranza, protenditi, per quanto \u00e8 possibile, Verso l\u2019unione con colui che supera ogni essere e conoscenza.<br \/>\nMediante questa tensione irrefrenabile e assolutamente sciolto da te stesso e da tutte le cose, togliendo di mezzo tutto e liberato da tutto, potrai essere elevato verso il raggio soprasostanziale della divina tenebra.<\/p>\n<p>Teologia mistica di Dionigi Areopagita<br \/>\n( A TIMOTEO &#8211; Dionigi Areopagita)<\/p>\n<h4><span style=\"color: #000000;\">In dialogo tra il teologo Alessandro d&#8217;angelo e Barbara Pigazzi<\/span><\/h4>\n<p>Imprevedibile, inaspettata apparsa come un alba , ai confini del mio cuore.<br \/>\nTi ho vista sorgere all\u2019orizzonte.<br \/>\nImpossibile, irraggiungibile per me:<br \/>\n\u201cForse \u00e8 solo un riflesso di luce che passa al di l\u00e0 delle pareti del cuore\u201d.<br \/>\nMi sono detta, quella notte.<\/p>\n<p>Eppure oltre alla luce azzurra avanzava verso di me, attraente, un paradiso ai miei occhi,<br \/>\nSei tu.<br \/>\nSono qui con le lacrime che bagnano la terra seccata della mia anima.<\/p>\n<p>Alessandro mi disse: pensa Barbara che Mos\u00e8 con le sue suggestioni, visioni, sogni e allucinazioni tir\u00f2 fuori dall\u2019Egitto il popolo d\u2019Israele\u2026<br \/>\nEra perfino balbuziente ed un uditore di voci\u2026<\/p>\n<p>Metti a servizio dell\u2019umanit\u00e0 il tuo dono, che \u00e8\u2019 quello di comunicare attraverso il linguaggio della fotografia il sapore della vita (13 aprile 2020 A.D.)<\/p>\n","protected":false},"excerpt":{"rendered":"<p>Opera fotografica<br \/>\nTitolo : LA DIVINA CALIGINE , anno 2020<br \/>\nMisura : 120 x 200<br \/>\nStampa su metallo, chromaluxe , certificata<\/p>\n<p>Dove c&#8217;\u00e8 oscurit\u00e0, fa risplendere ci\u00f2 che \u00e8 straordinariamente splendente, e nel luogo completamente intoccabile e invisibile, riempie le intelligenze cieche di stupendi splendori. Questa \u00e8 la mia preghiera.<\/p>\n","protected":false},"featured_media":888,"comment_status":"open","ping_status":"closed","template":"","meta":{"_acf_changed":false},"attore":[],"product_brand":[],"product_cat":[75],"product_tag":[30,102],"giftcard-category":[],"class_list":{"0":"post-6013","1":"product","2":"type-product","3":"status-publish","4":"has-post-thumbnail","6":"product_cat-animica-arte","7":"product_tag-animica-art","8":"product_tag-la-divina-caligine","10":"first","11":"instock","12":"taxable","13":"shipping-taxable","14":"product-type-simple"},"acf":[],"_links":{"self":[{"href":"https:\/\/animicaportraits.com\/it\/wp-json\/wp\/v2\/product\/6013","targetHints":{"allow":["GET"]}}],"collection":[{"href":"https:\/\/animicaportraits.com\/it\/wp-json\/wp\/v2\/product"}],"about":[{"href":"https:\/\/animicaportraits.com\/it\/wp-json\/wp\/v2\/types\/product"}],"replies":[{"embeddable":true,"href":"https:\/\/animicaportraits.com\/it\/wp-json\/wp\/v2\/comments?post=6013"}],"version-history":[{"count":2,"href":"https:\/\/animicaportraits.com\/it\/wp-json\/wp\/v2\/product\/6013\/revisions"}],"predecessor-version":[{"id":6029,"href":"https:\/\/animicaportraits.com\/it\/wp-json\/wp\/v2\/product\/6013\/revisions\/6029"}],"wp:featuredmedia":[{"embeddable":true,"href":"https:\/\/animicaportraits.com\/it\/wp-json\/wp\/v2\/media\/888"}],"wp:attachment":[{"href":"https:\/\/animicaportraits.com\/it\/wp-json\/wp\/v2\/media?parent=6013"}],"wp:term":[{"taxonomy":"attore","embeddable":true,"href":"https:\/\/animicaportraits.com\/it\/wp-json\/wp\/v2\/attore?post=6013"},{"taxonomy":"product_brand","embeddable":true,"href":"https:\/\/animicaportraits.com\/it\/wp-json\/wp\/v2\/product_brand?post=6013"},{"taxonomy":"product_cat","embeddable":true,"href":"https:\/\/animicaportraits.com\/it\/wp-json\/wp\/v2\/product_cat?post=6013"},{"taxonomy":"product_tag","embeddable":true,"href":"https:\/\/animicaportraits.com\/it\/wp-json\/wp\/v2\/product_tag?post=6013"},{"taxonomy":"giftcard-category","embeddable":true,"href":"https:\/\/animicaportraits.com\/it\/wp-json\/wp\/v2\/giftcard-category?post=6013"}],"curies":[{"name":"wp","href":"https:\/\/api.w.org\/{rel}","templated":true}]}}