{"id":6882,"date":"2024-02-09T14:41:38","date_gmt":"2024-02-09T13:41:38","guid":{"rendered":"https:\/\/animicaportraits.com\/product\/amore-per-te-barbara-pigazzi\/"},"modified":"2024-08-21T18:27:18","modified_gmt":"2024-08-21T16:27:18","slug":"amore-per-te-barbara-pigazzi","status":"publish","type":"product","link":"https:\/\/animicaportraits.com\/it\/prodotto\/amore-per-te-barbara-pigazzi\/","title":{"rendered":"Amore per te &#8211; Barbara Pigazzi"},"content":{"rendered":"<p>La Maschera nel teatro rappresentava la funzione sacra in cui l&#8217;attore non era protagonista, ma solo intermediario, medium, strumento degli Dei.<br \/>\nGettare la Maschera significa, nel teatro come nella vita, essere protagonisti, essere presenti con s\u00e9 stessi, con la Libert\u00e0.<\/p>\n<p>Il Testamento spirituale di Kubrick \u00e8 nascosto nella famosa scena in cui le protagoniste sono le Maschere, e la Sessualit\u00e0 \u00e8 spogliata dall&#8217;Amore, nuda e cruda, una sessualit\u00e0 che nega il Bacio, attraverso la Maschera: il Tentativo del Potere delle Forze Oscure, di rendere noi maschere, burattini, per portare via se stessi e l&#8217;Amore che si esprime nel Bacio, nel Libero Consenso.<\/p>\n<p>Il sacrificio della donna, che si immola al posto del protagonista, mossa da un sentimento di gratitudine, \u00e8 un simbolo gi\u00e0 presente nella concezione romantica, che fa riferimento alla figura di Margherita nel Faust.<\/p>\n","protected":false},"excerpt":{"rendered":"<p>La salvezza \u00e8 nelle donne, saranno le donne a giocare un ruolo decisivo, nella nostra epoca, a favore della Luce, dove le forze oscure tentano di distruggerci e sopraffarci, per imporci, ancora una volta, le Maschere.<\/p>\n<p><strong>Barbara Pigazzi, serie nuove opere | Autoritratto, performance<\/strong><\/p>\n<p>dalla serie &#8220;LoveForYou&#8221;: 9 (<em>Animica Gold Collection<\/em>) &#8211; Hilton Venice &#8211; Gennaio 2024<\/p>\n<p><strong>Disponibile:<\/strong><br \/>\nCornice luminosa lucida ChromaLuxe con stampa in metallo da 2 pezzi (<em>con certificato di autenticit\u00e0<\/em>)<\/p>\n","protected":false},"featured_media":1414,"comment_status":"open","ping_status":"closed","template":"","meta":{"_acf_changed":false},"attore":[],"product_brand":[],"product_cat":[80],"product_tag":[],"giftcard-category":[],"class_list":{"0":"post-6882","1":"product","2":"type-product","3":"status-publish","4":"has-post-thumbnail","6":"product_cat-autoritratti","8":"first","9":"instock","10":"taxable","11":"shipping-taxable","12":"product-type-simple"},"acf":[],"_links":{"self":[{"href":"https:\/\/animicaportraits.com\/it\/wp-json\/wp\/v2\/product\/6882","targetHints":{"allow":["GET"]}}],"collection":[{"href":"https:\/\/animicaportraits.com\/it\/wp-json\/wp\/v2\/product"}],"about":[{"href":"https:\/\/animicaportraits.com\/it\/wp-json\/wp\/v2\/types\/product"}],"replies":[{"embeddable":true,"href":"https:\/\/animicaportraits.com\/it\/wp-json\/wp\/v2\/comments?post=6882"}],"version-history":[{"count":1,"href":"https:\/\/animicaportraits.com\/it\/wp-json\/wp\/v2\/product\/6882\/revisions"}],"predecessor-version":[{"id":7974,"href":"https:\/\/animicaportraits.com\/it\/wp-json\/wp\/v2\/product\/6882\/revisions\/7974"}],"wp:featuredmedia":[{"embeddable":true,"href":"https:\/\/animicaportraits.com\/it\/wp-json\/wp\/v2\/media\/1414"}],"wp:attachment":[{"href":"https:\/\/animicaportraits.com\/it\/wp-json\/wp\/v2\/media?parent=6882"}],"wp:term":[{"taxonomy":"attore","embeddable":true,"href":"https:\/\/animicaportraits.com\/it\/wp-json\/wp\/v2\/attore?post=6882"},{"taxonomy":"product_brand","embeddable":true,"href":"https:\/\/animicaportraits.com\/it\/wp-json\/wp\/v2\/product_brand?post=6882"},{"taxonomy":"product_cat","embeddable":true,"href":"https:\/\/animicaportraits.com\/it\/wp-json\/wp\/v2\/product_cat?post=6882"},{"taxonomy":"product_tag","embeddable":true,"href":"https:\/\/animicaportraits.com\/it\/wp-json\/wp\/v2\/product_tag?post=6882"},{"taxonomy":"giftcard-category","embeddable":true,"href":"https:\/\/animicaportraits.com\/it\/wp-json\/wp\/v2\/giftcard-category?post=6882"}],"curies":[{"name":"wp","href":"https:\/\/api.w.org\/{rel}","templated":true}]}}