{"id":7900,"date":"2024-02-19T15:32:54","date_gmt":"2024-02-19T14:32:54","guid":{"rendered":"https:\/\/animicaportraits.com\/product\/kasia-smutniak\/"},"modified":"2024-05-15T17:49:04","modified_gmt":"2024-05-15T15:49:04","slug":"kasia-smutniak","status":"publish","type":"product","link":"https:\/\/animicaportraits.com\/it\/prodotto\/kasia-smutniak\/","title":{"rendered":"Kasia Smutniak"},"content":{"rendered":"<p>Kasia Smutniak \u00e8 stata recentemente coinvolta in progetti importanti sia davanti che dietro la telecamera. Il suo lavoro pi\u00f9 recente e significativo \u00e8 il film documentario &#8220;Walls&#8221;, presentato in anteprima al Toronto International Film Festival nel 2023. Il film esplora la crisi del confine tra Polonia e Bielorussia, evidenziando le sfide affrontate dai rifugiati ed esaminando temi pi\u00f9 ampi di divisione e umanit\u00e0 all&#8217;interno dell&#8217;Europa. \u200b (<a href=\"https:\/\/povmagazine.com\/kasia-smutniak-on-walls-and-refusing-to-look-the-other-way\/\" target=\"_blank\" rel=\"noopener\">POV Magazine<\/a>)\u200b\u200b (<a href=\"https:\/\/cineuropa.org\/en\/newsdetail\/447448\/\" target=\"_blank\" rel=\"noopener\">Cineuropa<\/a>)\u200b\u200b (<a href=\"https:\/\/www.cinemaclock.com\/movies\/walls-2023\" target=\"_blank\" rel=\"noopener\">Cinema Clock<\/a>).<\/p>\n","protected":false},"excerpt":{"rendered":"<p>Alla Mostra del Cinema di Venezia, Kasia Smutniak ha catturato l&#8217;attenzione con la sua presenza magnetica, condividendo il suo impegno nel sensibilizzare il pubblico attraverso <em>il documentario<\/em> &#8220;<strong>Walls<\/strong>&#8220;, che affronta la crisi dei rifugiati al confine tra Polonia e Bielorussia.<\/p>\n","protected":false},"featured_media":1059,"comment_status":"open","ping_status":"closed","template":"","meta":{"_acf_changed":false},"attore":[],"product_brand":[],"product_cat":[73],"product_tag":[92],"giftcard-category":[],"class_list":{"0":"post-7900","1":"product","2":"type-product","3":"status-publish","4":"has-post-thumbnail","6":"product_cat-ritratti-di-celebrita","7":"product_tag-ritratti-di-celebrita","9":"first","10":"instock","11":"taxable","12":"shipping-taxable","13":"product-type-simple"},"acf":[],"_links":{"self":[{"href":"https:\/\/animicaportraits.com\/it\/wp-json\/wp\/v2\/product\/7900","targetHints":{"allow":["GET"]}}],"collection":[{"href":"https:\/\/animicaportraits.com\/it\/wp-json\/wp\/v2\/product"}],"about":[{"href":"https:\/\/animicaportraits.com\/it\/wp-json\/wp\/v2\/types\/product"}],"replies":[{"embeddable":true,"href":"https:\/\/animicaportraits.com\/it\/wp-json\/wp\/v2\/comments?post=7900"}],"version-history":[{"count":1,"href":"https:\/\/animicaportraits.com\/it\/wp-json\/wp\/v2\/product\/7900\/revisions"}],"predecessor-version":[{"id":7902,"href":"https:\/\/animicaportraits.com\/it\/wp-json\/wp\/v2\/product\/7900\/revisions\/7902"}],"wp:featuredmedia":[{"embeddable":true,"href":"https:\/\/animicaportraits.com\/it\/wp-json\/wp\/v2\/media\/1059"}],"wp:attachment":[{"href":"https:\/\/animicaportraits.com\/it\/wp-json\/wp\/v2\/media?parent=7900"}],"wp:term":[{"taxonomy":"attore","embeddable":true,"href":"https:\/\/animicaportraits.com\/it\/wp-json\/wp\/v2\/attore?post=7900"},{"taxonomy":"product_brand","embeddable":true,"href":"https:\/\/animicaportraits.com\/it\/wp-json\/wp\/v2\/product_brand?post=7900"},{"taxonomy":"product_cat","embeddable":true,"href":"https:\/\/animicaportraits.com\/it\/wp-json\/wp\/v2\/product_cat?post=7900"},{"taxonomy":"product_tag","embeddable":true,"href":"https:\/\/animicaportraits.com\/it\/wp-json\/wp\/v2\/product_tag?post=7900"},{"taxonomy":"giftcard-category","embeddable":true,"href":"https:\/\/animicaportraits.com\/it\/wp-json\/wp\/v2\/giftcard-category?post=7900"}],"curies":[{"name":"wp","href":"https:\/\/api.w.org\/{rel}","templated":true}]}}