{"id":8249,"date":"2024-01-31T22:46:41","date_gmt":"2024-01-31T21:46:41","guid":{"rendered":"https:\/\/animicaportraits.com\/product\/sandra-milo\/"},"modified":"2024-05-22T17:05:52","modified_gmt":"2024-05-22T15:05:52","slug":"sandra-milo","status":"publish","type":"product","link":"https:\/\/animicaportraits.com\/it\/prodotto\/sandra-milo\/","title":{"rendered":"Sandra Milo"},"content":{"rendered":"","protected":false},"excerpt":{"rendered":"<p>SANDRA MILO &#8211; CELEBRITA&#8217;<br \/>\nVENEZIA 2023<br \/>\nFESTIVAL DEL CINEMA DI VENEZIA<br \/>\nPREMIO ALLA CARRIERA<br \/>\nSandra Milo ha fatto della libert\u00e0&#8217; il suo credo. Si \u00e8 spenta luned\u00ec 29 gennaio 2024<\/p>\n","protected":false},"featured_media":1229,"comment_status":"open","ping_status":"closed","template":"","meta":{"_acf_changed":false},"attore":[],"product_brand":[],"product_cat":[73],"product_tag":[],"giftcard-category":[],"class_list":{"0":"post-8249","1":"product","2":"type-product","3":"status-publish","4":"has-post-thumbnail","6":"product_cat-ritratti-di-celebrita","8":"first","9":"instock","10":"taxable","11":"shipping-taxable","12":"product-type-simple"},"acf":[],"_links":{"self":[{"href":"https:\/\/animicaportraits.com\/it\/wp-json\/wp\/v2\/product\/8249","targetHints":{"allow":["GET"]}}],"collection":[{"href":"https:\/\/animicaportraits.com\/it\/wp-json\/wp\/v2\/product"}],"about":[{"href":"https:\/\/animicaportraits.com\/it\/wp-json\/wp\/v2\/types\/product"}],"replies":[{"embeddable":true,"href":"https:\/\/animicaportraits.com\/it\/wp-json\/wp\/v2\/comments?post=8249"}],"version-history":[{"count":1,"href":"https:\/\/animicaportraits.com\/it\/wp-json\/wp\/v2\/product\/8249\/revisions"}],"predecessor-version":[{"id":8255,"href":"https:\/\/animicaportraits.com\/it\/wp-json\/wp\/v2\/product\/8249\/revisions\/8255"}],"wp:featuredmedia":[{"embeddable":true,"href":"https:\/\/animicaportraits.com\/it\/wp-json\/wp\/v2\/media\/1229"}],"wp:attachment":[{"href":"https:\/\/animicaportraits.com\/it\/wp-json\/wp\/v2\/media?parent=8249"}],"wp:term":[{"taxonomy":"attore","embeddable":true,"href":"https:\/\/animicaportraits.com\/it\/wp-json\/wp\/v2\/attore?post=8249"},{"taxonomy":"product_brand","embeddable":true,"href":"https:\/\/animicaportraits.com\/it\/wp-json\/wp\/v2\/product_brand?post=8249"},{"taxonomy":"product_cat","embeddable":true,"href":"https:\/\/animicaportraits.com\/it\/wp-json\/wp\/v2\/product_cat?post=8249"},{"taxonomy":"product_tag","embeddable":true,"href":"https:\/\/animicaportraits.com\/it\/wp-json\/wp\/v2\/product_tag?post=8249"},{"taxonomy":"giftcard-category","embeddable":true,"href":"https:\/\/animicaportraits.com\/it\/wp-json\/wp\/v2\/giftcard-category?post=8249"}],"curies":[{"name":"wp","href":"https:\/\/api.w.org\/{rel}","templated":true}]}}