{"id":9559,"date":"2024-01-30T14:48:47","date_gmt":"2024-01-30T13:48:47","guid":{"rendered":"https:\/\/animicaportraits.com\/product\/matteo-garrone\/"},"modified":"2024-01-30T14:48:47","modified_gmt":"2024-01-30T13:48:47","slug":"matteo-garrone","status":"publish","type":"product","link":"https:\/\/animicaportraits.com\/it\/prodotto\/matteo-garrone\/","title":{"rendered":"Matteo Garrone"},"content":{"rendered":"<p>Il regista Matteo Garrone ha incantato il pubblico della Mostra del Cinema di Venezia 2023 con il suo carisma da star, facendo sfilare sul red carpet il suo ultimo acclamato film &#8220;Dogman&#8221;, un intenso dramma psicologico che ha confermato il suo talento nel raccontare storie forti e dal respiro internazionale. Garrone, con il suo stile visivo distintivo e la sua maestria nel dirigere gli attori, ha dimostrato ancora una volta perch\u00e9 \u00e8 considerato uno dei registi italiani pi\u00f9 importanti e influenti della sua generazione.<\/p>\n<p>Matteo Garrone ha avuto un 2023 molto prolifico. Oltre a &#8220;Dogman&#8221;, premiato alla Mostra di Venezia, ha anche diretto un episodio della serie antologica &#8220;Esterno Notte&#8221; per la RAI, in cui ha esplorato nuovamente i temi della criminalit\u00e0 e della moralit\u00e0 in maniera evocativa e riflessiva. Garrone continua a stupire il pubblico e la critica con il suo sguardo unico e la sua capacit\u00e0 di raccontare storie potenti che lasciano il segno.<\/p>\n","protected":false},"excerpt":{"rendered":"<p>MATTEO GARRONE- CELEBRIT\u00c0<br \/>\nRegista, Leone d&#8217;Oro a Venezia 80, con il film &#8220;IO CAPITANO&#8221;<br \/>\nSEYDOU SARR<br \/>\nprotagonista<\/p>\n","protected":false},"featured_media":1144,"comment_status":"open","ping_status":"closed","template":"","meta":{"_acf_changed":false},"attore":[],"product_brand":[],"product_cat":[73],"product_tag":[92],"giftcard-category":[],"class_list":{"0":"post-9559","1":"product","2":"type-product","3":"status-publish","4":"has-post-thumbnail","6":"product_cat-ritratti-di-celebrita","7":"product_tag-ritratti-di-celebrita","9":"first","10":"instock","11":"taxable","12":"shipping-taxable","13":"product-type-simple"},"acf":[],"_links":{"self":[{"href":"https:\/\/animicaportraits.com\/it\/wp-json\/wp\/v2\/product\/9559","targetHints":{"allow":["GET"]}}],"collection":[{"href":"https:\/\/animicaportraits.com\/it\/wp-json\/wp\/v2\/product"}],"about":[{"href":"https:\/\/animicaportraits.com\/it\/wp-json\/wp\/v2\/types\/product"}],"replies":[{"embeddable":true,"href":"https:\/\/animicaportraits.com\/it\/wp-json\/wp\/v2\/comments?post=9559"}],"version-history":[{"count":0,"href":"https:\/\/animicaportraits.com\/it\/wp-json\/wp\/v2\/product\/9559\/revisions"}],"wp:featuredmedia":[{"embeddable":true,"href":"https:\/\/animicaportraits.com\/it\/wp-json\/wp\/v2\/media\/1144"}],"wp:attachment":[{"href":"https:\/\/animicaportraits.com\/it\/wp-json\/wp\/v2\/media?parent=9559"}],"wp:term":[{"taxonomy":"attore","embeddable":true,"href":"https:\/\/animicaportraits.com\/it\/wp-json\/wp\/v2\/attore?post=9559"},{"taxonomy":"product_brand","embeddable":true,"href":"https:\/\/animicaportraits.com\/it\/wp-json\/wp\/v2\/product_brand?post=9559"},{"taxonomy":"product_cat","embeddable":true,"href":"https:\/\/animicaportraits.com\/it\/wp-json\/wp\/v2\/product_cat?post=9559"},{"taxonomy":"product_tag","embeddable":true,"href":"https:\/\/animicaportraits.com\/it\/wp-json\/wp\/v2\/product_tag?post=9559"},{"taxonomy":"giftcard-category","embeddable":true,"href":"https:\/\/animicaportraits.com\/it\/wp-json\/wp\/v2\/giftcard-category?post=9559"}],"curies":[{"name":"wp","href":"https:\/\/api.w.org\/{rel}","templated":true}]}}