{"id":9581,"date":"2024-01-30T11:09:34","date_gmt":"2024-01-30T10:09:34","guid":{"rendered":"https:\/\/animicaportraits.com\/product\/timothee-chalamet\/"},"modified":"2024-01-30T11:09:34","modified_gmt":"2024-01-30T10:09:34","slug":"timothee-chalamet","status":"publish","type":"product","link":"https:\/\/animicaportraits.com\/it\/prodotto\/timothee-chalamet\/","title":{"rendered":"Timoth\u00e9e Chalamet"},"content":{"rendered":"<p>Il giovane e talentuoso attore Timoth\u00e9e Chalamet ha rubato la scena sul red carpet della Biennale di Venezia 2023, incantando il pubblico con il suo inconfondibile carisma e stile, mentre presentava il suo attesissimo nuovo film &#8220;Dune: Parte 2&#8221;, sequel del pluripremiato blockbuster fantascientifico.<\/p>\n<p>Oltre a &#8220;Dune: Parte 2&#8221;, presentato in anteprima al Festival di Venezia, Chalamet ha anche recitato nell&#8217;ultimo lavoro del regista Luca Guadagnino, &#8220;Challengers&#8221;, un originale dramma romantico che \u00e8 stato molto apprezzato dalla critica alla Mostra.<\/p>\n<p>Chalamet si \u00e8 affermato negli ultimi anni come una delle giovani star pi\u00f9 acclamate di Hollywood, grazie a interpretazioni di grande intensit\u00e0 in film come &#8220;Chiamami Col Tuo Nome&#8221;, &#8220;Piccole Donne&#8221; e &#8220;The King&#8221;. La sua presenza alla Biennale di Venezia 2023 ha confermato ulteriormente il suo straordinario talento e il suo fascino magnetico che lo hanno consacrato come uno degli attori pi\u00f9 amati dalla sua generazione.<\/p>\n","protected":false},"excerpt":{"rendered":"<p>Timoth\u00e9e Chalamet CELEBRIT\u00c0<br \/>\nFESTIVAL DEL CINEMA DI VENEZIA<br \/>\n79 &#8211; 2022<\/p>\n<p>ATTORE<br \/>\nfilm BONES AND ALL (2022), WONKA (2023), DUNE &#8211; PARTE SECONDA (2024)<\/p>\n","protected":false},"featured_media":1104,"comment_status":"open","ping_status":"closed","template":"","meta":{"_acf_changed":false},"attore":[],"product_brand":[],"product_cat":[73],"product_tag":[92],"giftcard-category":[],"class_list":{"0":"post-9581","1":"product","2":"type-product","3":"status-publish","4":"has-post-thumbnail","6":"product_cat-ritratti-di-celebrita","7":"product_tag-ritratti-di-celebrita","9":"first","10":"instock","11":"taxable","12":"shipping-taxable","13":"product-type-simple"},"acf":[],"_links":{"self":[{"href":"https:\/\/animicaportraits.com\/it\/wp-json\/wp\/v2\/product\/9581","targetHints":{"allow":["GET"]}}],"collection":[{"href":"https:\/\/animicaportraits.com\/it\/wp-json\/wp\/v2\/product"}],"about":[{"href":"https:\/\/animicaportraits.com\/it\/wp-json\/wp\/v2\/types\/product"}],"replies":[{"embeddable":true,"href":"https:\/\/animicaportraits.com\/it\/wp-json\/wp\/v2\/comments?post=9581"}],"version-history":[{"count":0,"href":"https:\/\/animicaportraits.com\/it\/wp-json\/wp\/v2\/product\/9581\/revisions"}],"wp:featuredmedia":[{"embeddable":true,"href":"https:\/\/animicaportraits.com\/it\/wp-json\/wp\/v2\/media\/1104"}],"wp:attachment":[{"href":"https:\/\/animicaportraits.com\/it\/wp-json\/wp\/v2\/media?parent=9581"}],"wp:term":[{"taxonomy":"attore","embeddable":true,"href":"https:\/\/animicaportraits.com\/it\/wp-json\/wp\/v2\/attore?post=9581"},{"taxonomy":"product_brand","embeddable":true,"href":"https:\/\/animicaportraits.com\/it\/wp-json\/wp\/v2\/product_brand?post=9581"},{"taxonomy":"product_cat","embeddable":true,"href":"https:\/\/animicaportraits.com\/it\/wp-json\/wp\/v2\/product_cat?post=9581"},{"taxonomy":"product_tag","embeddable":true,"href":"https:\/\/animicaportraits.com\/it\/wp-json\/wp\/v2\/product_tag?post=9581"},{"taxonomy":"giftcard-category","embeddable":true,"href":"https:\/\/animicaportraits.com\/it\/wp-json\/wp\/v2\/giftcard-category?post=9581"}],"curies":[{"name":"wp","href":"https:\/\/api.w.org\/{rel}","templated":true}]}}