{"id":9605,"date":"2024-01-30T10:09:17","date_gmt":"2024-01-30T09:09:17","guid":{"rendered":"https:\/\/animicaportraits.com\/product\/rocio-munoz-morales\/"},"modified":"2024-01-30T10:09:17","modified_gmt":"2024-01-30T09:09:17","slug":"rocio-munoz-morales","status":"publish","type":"product","link":"https:\/\/animicaportraits.com\/it\/prodotto\/rocio-munoz-morales\/","title":{"rendered":"Roc\u00edo Mu\u00f1oz Morales"},"content":{"rendered":"<p>La splendida attrice e modella spagnola Roc\u00edo Mu\u00f1oz Morales ha incantato il pubblico della Biennale di Venezia 2023 con il suo magnetico carisma, sfilando elegantemente sul red carpet del Festival per presentare il suo nuovo film &#8220;Il gatto e la luna&#8221;, una romantica commedia diretta dal regista italiano Riccardo Milani.<\/p>\n<p>Oltre al film &#8220;Il gatto e la luna&#8221; presentato in anteprima a Venezia 2023, Roc\u00edo Mu\u00f1oz Morales ha recentemente recitato anche nella serie televisiva &#8220;Vis a Vis: El Oasis&#8221;, sequel del popolare drama carcerario spagnolo, in cui interpreta un ruolo chiave.<\/p>\n<p>L&#8217;attrice madrilena, oltre alla sua carriera cinematografica e televisiva, si \u00e8 affermata anche come una delle fashion icon pi\u00f9 acclamate a livello internazionale, grazie al suo stile elegante e al suo fascino magnetico che l&#8217;hanno resa una vera e propria celebrit\u00e0 in Spagna e in Europa. La sua presenza alla Mostra del Cinema di Venezia 2023 ha ulteriormente confermato il suo status di stella emergente del panorama artistico.<\/p>\n","protected":false},"excerpt":{"rendered":"<p>ROCIO MUNOZ MORALES &#8211; CELEBRIT\u00c0<br \/>\nFESTIVAL DEL CINEMA DELLA Madrina 79 ED<\/p>\n<p>ATTRICE, MODELLA<\/p>\n","protected":false},"featured_media":1089,"comment_status":"open","ping_status":"closed","template":"","meta":{"_acf_changed":false},"attore":[],"product_brand":[],"product_cat":[73],"product_tag":[92],"giftcard-category":[],"class_list":{"0":"post-9605","1":"product","2":"type-product","3":"status-publish","4":"has-post-thumbnail","6":"product_cat-ritratti-di-celebrita","7":"product_tag-ritratti-di-celebrita","9":"first","10":"instock","11":"taxable","12":"shipping-taxable","13":"product-type-simple"},"acf":[],"_links":{"self":[{"href":"https:\/\/animicaportraits.com\/it\/wp-json\/wp\/v2\/product\/9605","targetHints":{"allow":["GET"]}}],"collection":[{"href":"https:\/\/animicaportraits.com\/it\/wp-json\/wp\/v2\/product"}],"about":[{"href":"https:\/\/animicaportraits.com\/it\/wp-json\/wp\/v2\/types\/product"}],"replies":[{"embeddable":true,"href":"https:\/\/animicaportraits.com\/it\/wp-json\/wp\/v2\/comments?post=9605"}],"version-history":[{"count":0,"href":"https:\/\/animicaportraits.com\/it\/wp-json\/wp\/v2\/product\/9605\/revisions"}],"wp:featuredmedia":[{"embeddable":true,"href":"https:\/\/animicaportraits.com\/it\/wp-json\/wp\/v2\/media\/1089"}],"wp:attachment":[{"href":"https:\/\/animicaportraits.com\/it\/wp-json\/wp\/v2\/media?parent=9605"}],"wp:term":[{"taxonomy":"attore","embeddable":true,"href":"https:\/\/animicaportraits.com\/it\/wp-json\/wp\/v2\/attore?post=9605"},{"taxonomy":"product_brand","embeddable":true,"href":"https:\/\/animicaportraits.com\/it\/wp-json\/wp\/v2\/product_brand?post=9605"},{"taxonomy":"product_cat","embeddable":true,"href":"https:\/\/animicaportraits.com\/it\/wp-json\/wp\/v2\/product_cat?post=9605"},{"taxonomy":"product_tag","embeddable":true,"href":"https:\/\/animicaportraits.com\/it\/wp-json\/wp\/v2\/product_tag?post=9605"},{"taxonomy":"giftcard-category","embeddable":true,"href":"https:\/\/animicaportraits.com\/it\/wp-json\/wp\/v2\/giftcard-category?post=9605"}],"curies":[{"name":"wp","href":"https:\/\/api.w.org\/{rel}","templated":true}]}}